{"id":55756,"date":"2026-04-30T17:30:34","date_gmt":"2026-04-30T09:30:34","guid":{"rendered":"https:\/\/www.teamretro.com\/jogo-do-aviao-de-papel\/"},"modified":"2026-04-30T17:30:34","modified_gmt":"2026-04-30T09:30:34","slug":"jogo-do-aviao-de-papel","status":"publish","type":"page","link":"https:\/\/www.teamretro.com\/pt-br\/jogo-do-aviao-de-papel\/","title":{"rendered":"Jogo do Avi\u00e3o de Papel"},"content":{"rendered":"<p><div class=\"fusion-fullwidth fullwidth-box fusion-builder-row-1 fusion-flex-container fusion-parallax-fixed hundred-percent-fullwidth non-hundred-percent-height-scrolling lazyload hero-container\" style=\"--awb-border-radius-top-left:0px;--awb-border-radius-top-right:0px;--awb-border-radius-bottom-right:0px;--awb-border-radius-bottom-left:0px;--awb-padding-top:150px;--awb-padding-bottom:100px;--awb-margin-top:0px;--awb-margin-bottom:0px;--awb-background-color:#59bece;--awb-background-size:cover;--awb-flex-wrap:wrap;background-attachment:fixed;\" data-bg=\"\/wp-content\/uploads\/2018\/06\/TopBackgroundTint-1.svg\" ><div class=\"fusion-builder-row fusion-row fusion-flex-align-items-flex-start fusion-flex-content-wrap\" style=\"width:calc( 100% + 0px ) !important;max-width:calc( 100% + 0px ) !important;margin-left: calc(-0px \/ 2 );margin-right: calc(-0px \/ 2 );\"><div class=\"fusion-layout-column fusion_builder_column fusion-builder-column-0 fusion_builder_column_1_1 1_1 fusion-flex-column\" style=\"--awb-bg-blend:overlay;--awb-bg-size:cover;--awb-width-large:100%;--awb-margin-top-large:0px;--awb-spacing-right-large:0px;--awb-margin-bottom-large:20px;--awb-spacing-left-large:0px;--awb-width-medium:100%;--awb-spacing-right-medium:0px;--awb-spacing-left-medium:0px;--awb-width-small:100%;--awb-spacing-right-small:0px;--awb-spacing-left-small:0px;\"><div class=\"fusion-column-wrapper fusion-flex-justify-content-flex-start fusion-content-layout-column\"><div class=\"fusion-text fusion-text-1\"><h1 style=\"text-align: center;\">Jogo do Avi\u00e3o de Papel<\/h1>\n<\/div><\/div><\/div><\/div><\/div><div class=\"fusion-fullwidth fullwidth-box fusion-builder-row-2 fusion-flex-container nonhundred-percent-fullwidth non-hundred-percent-height-scrolling\" style=\"--awb-border-radius-top-left:0px;--awb-border-radius-top-right:0px;--awb-border-radius-bottom-right:0px;--awb-border-radius-bottom-left:0px;--awb-padding-top:60px;--awb-padding-bottom:40px;--awb-flex-wrap:wrap;\" ><div class=\"fusion-builder-row fusion-row fusion-flex-align-items-flex-start fusion-flex-content-wrap\" style=\"max-width:calc( 1200px + 0px );margin-left: calc(-0px \/ 2 );margin-right: calc(-0px \/ 2 );\"><div class=\"fusion-layout-column fusion_builder_column fusion-builder-column-1 fusion_builder_column_1_1 1_1 fusion-flex-column\" style=\"--awb-bg-blend:overlay;--awb-bg-size:cover;--awb-width-large:100%;--awb-margin-top-large:0px;--awb-spacing-right-large:0px;--awb-margin-bottom-large:20px;--awb-spacing-left-large:0px;--awb-width-medium:100%;--awb-spacing-right-medium:0px;--awb-spacing-left-medium:0px;--awb-width-small:100%;--awb-spacing-right-small:0px;--awb-spacing-left-small:0px;\"><div class=\"fusion-column-wrapper fusion-column-has-shadow fusion-flex-justify-content-flex-start fusion-content-layout-column\"><div class=\"fusion-text fusion-text-2\"><p>Um bom jogo que explora a melhoria cont\u00ednua e o fluxo de trabalho lean.<\/p>\n<p><strong>Objetivos de aprendizagem<\/strong>: Fluxo de trabalho lean, mapeamento de fluxo de valor<\/p>\n<p><strong>Tempo de jogo<\/strong>: 60 minutos<\/p>\n<p><strong>Presencial ou Virtual<\/strong>: Ambos<\/p>\n<p><strong>N\u00famero de jogadores<\/strong>: 4+ jogadores<\/p>\n<p><strong>Recursos necess\u00e1rios<\/strong>: Papel reciclado ou rascunho<\/p>\n<p><strong>Como funciona o jogo<\/strong>: O objetivo do jogo do avi\u00e3o de papel \u00e9 dobrar o maior n\u00famero poss\u00edvel de avi\u00f5es num determinado per\u00edodo de tempo, mas apenas uma pessoa pode fazer uma dobra de cada vez.<\/p>\n<h3>Regras do jogo do Avi\u00e3o de Papel<\/h3>\n<p>O objetivo \u00e9, como uma equipa, fazer o maior n\u00famero poss\u00edvel de avi\u00f5es de papel do mesmo design.<\/p>\n<p>As regras s\u00e3o as seguintes<\/p>\n<ul>\n<li aria-level=\"1\">H\u00e1 3 minutos por itera\u00e7\u00e3o e 5 itera\u00e7\u00f5es<\/li>\n<li aria-level=\"1\">Entre elas, h\u00e1 uma retrospectiva de 1 minuto<\/li>\n<li aria-level=\"1\">Os avi\u00f5es dobrados devem ter o mesmo design e qualidade.<\/li>\n<li aria-level=\"1\">Apenas uma pessoa pode dobrar de cada vez. As outras podem fazer outras coisas conforme necess\u00e1rio para o seu design. <\/li>\n<\/ul>\n<p>Re\u00fane a equipa e fornece os objetivos e instru\u00e7\u00f5es.<\/p>\n<p>Pede-lhes para concordarem com o design do avi\u00e3o. Pode ser um design simples com alguns desenhos que consiga voar um metro. Isto inclui um elemento de design, produ\u00e7\u00e3o e teste de qualidade.  <\/p>\n<p>Inicia o processo e cronometra a atividade. Deixa-os jogar e depois regista o n\u00famero de avi\u00f5es que cumpriram os requisitos de qualidade. Regista o n\u00famero de avi\u00f5es criados.  <\/p>\n<p>Agora cronometra a retrospectiva, permitindo que as pessoas mudem a forma como trabalham na pr\u00f3xima ronda. Podem fornecer uma nova estimativa se desejarem. <\/p>\n<p>Repete o processo acima para o maior n\u00famero poss\u00edvel de itera\u00e7\u00f5es, registando o n\u00famero de cada vez.<\/p>\n<p>Quando todas as itera\u00e7\u00f5es estiverem conclu\u00eddas, faz um debriefing. Podes fazer perguntas como <\/p>\n<ul>\n<li aria-level=\"1\">Onde notaste que estavas \u00e0 espera (desperd\u00edcio)?<\/li>\n<li aria-level=\"1\">Com que frequ\u00eancia todos estavam envolvidos?<\/li>\n<li aria-level=\"1\">Que mudan\u00e7as foram feitas e como afetaram o processo de produ\u00e7\u00e3o?<\/li>\n<li aria-level=\"1\">Que aspetos do design poderiam tornar o fluxo mais lento ou mais r\u00e1pido?<\/li>\n<li aria-level=\"1\">Como seria este jogo diferente se fosse jogado virtualmente versus presencialmente?<\/li>\n<li aria-level=\"1\">Como \u00e9 que os controlos de qualidade desempenharam um papel neste processo?<\/li>\n<li aria-level=\"1\">Experimentaste o conceito de fluxo?<\/li>\n<li aria-level=\"1\">Que itera\u00e7\u00e3o se destacou?<\/li>\n<li aria-level=\"1\">Como te sentiste a trabalhar em equipa?<\/li>\n<li aria-level=\"1\">A lideran\u00e7a mudou durante as itera\u00e7\u00f5es?<\/li>\n<li aria-level=\"1\">O que aprendeste ao jogar este jogo?<\/li>\n<\/ul>\n<h3>Varia\u00e7\u00f5es do jogo do Avi\u00e3o de Papel<\/h3>\n<p>Podes variar este desafio ao<\/p>\n<ul>\n<li aria-level=\"1\">Cronometrar quanto tempo a equipa levaria para criar um n\u00famero definido de avi\u00f5es.<\/li>\n<li aria-level=\"1\">Aumentar ou diminuir a complexidade do design do avi\u00e3o.<\/li>\n<li aria-level=\"1\">Introduzir controlo de qualidade no ponto m\u00e9dio do jogo, em vez de no final.<\/li>\n<li aria-level=\"1\">Aumentar a dificuldade, por exemplo, o avi\u00e3o deve voar pelo menos 2 metros para contar.<\/li>\n<\/ul>\n<\/div><\/div><\/div><\/div><\/div><div class=\"fusion-fullwidth fullwidth-box fusion-builder-row-3 fusion-flex-container has-pattern-background has-mask-background fusion-parallax-none nonhundred-percent-fullwidth non-hundred-percent-height-scrolling lazyload get-started\" style=\"--awb-border-radius-top-left:0px;--awb-border-radius-top-right:0px;--awb-border-radius-bottom-right:0px;--awb-border-radius-bottom-left:0px;--awb-padding-top:8.75rem;--awb-padding-bottom:7.5rem;--awb-margin-top:0px;--awb-margin-bottom:0px;--awb-background-image:linear-gradient(180deg, #2d8fd0 0%,#4ab8ed 100%);;--awb-background-size:cover;--awb-flex-wrap:wrap;\" data-bg=\"https:\/\/www.teamretro.com\/wp-content\/uploads\/2018\/06\/TopBackground2-1.svg\" data-bg-gradient=\"linear-gradient(180deg, #2d8fd0 0%,#4ab8ed 100%)\" ><div class=\"fusion-builder-row fusion-row fusion-flex-align-items-flex-start fusion-flex-content-wrap\" style=\"max-width:calc( 1200px + 0px );margin-left: calc(-0px \/ 2 );margin-right: calc(-0px \/ 2 );\"><div class=\"fusion-layout-column fusion_builder_column fusion-builder-column-2 fusion_builder_column_1_1 1_1 fusion-flex-column\" style=\"--awb-bg-blend:overlay;--awb-bg-size:cover;--awb-width-large:100%;--awb-margin-top-large:0px;--awb-spacing-right-large:0px;--awb-margin-bottom-large:0px;--awb-spacing-left-large:0px;--awb-width-medium:100%;--awb-spacing-right-medium:0px;--awb-spacing-left-medium:0px;--awb-width-small:100%;--awb-spacing-right-small:0px;--awb-spacing-left-small:0px;\"><div class=\"fusion-column-wrapper fusion-flex-justify-content-flex-start fusion-content-layout-column\"><style>.get-started h2 {\n  color: white;\n}\n.get-started p {\n  color: white;\n  opacity: 0.75;\n}\n.imgClientContainer{\n display:flex;\n  position:relative;\n justify-content:center;\n gap:20;\n}\n.imgClientContainer img{\n max-height:48px;\n max-width:48px;\n  width:48px;\n  height:48px;\n  margin-left:-18px;\n  border:4px solid #369BD9;\n  border-radius:50%;\n}\n@media (max-width:620px){\n  .CTA-header{\n   font-size:30px;\n  }\n}\n<\/style><div class=\"fusion-text fusion-text-3\"><p><span style=\"display: flex; justify-content: center; gap: 5px;\"><img decoding=\"async\" class=\"lazyload size-full wp-image-40984\" src=\"data:image\/svg+xml,%3Csvg%20xmlns%3D%27http%3A%2F%2Fwww.w3.org%2F2000%2Fsvg%27%20width%3D%2724%27%20height%3D%2724%27%20viewBox%3D%270%200%2024%2024%27%3E%3Crect%20width%3D%2724%27%20height%3D%2724%27%20fill-opacity%3D%220%22%2F%3E%3C%2Fsvg%3E\" data-orig-src=\"https:\/\/www.teamretro.com\/wp-content\/uploads\/2025\/06\/star-icon.png\" alt=\"\" width=\"24\" height=\"24\">4,8 no<img decoding=\"async\" class=\"lazyload size-full wp-image-40980\" src=\"data:image\/svg+xml,%3Csvg%20xmlns%3D%27http%3A%2F%2Fwww.w3.org%2F2000%2Fsvg%27%20width%3D%2724%27%20height%3D%2724%27%20viewBox%3D%270%200%2024%2024%27%3E%3Crect%20width%3D%2724%27%20height%3D%2724%27%20fill-opacity%3D%220%22%2F%3E%3C%2Fsvg%3E\" data-orig-src=\"https:\/\/www.teamretro.com\/wp-content\/uploads\/2025\/06\/capterra-icon.png\" alt=\"\" width=\"24\" height=\"24\"> <a style=\"color: white; text-decoration: underline;\" href=\"https:\/\/www.capterra.com\/p\/193264\/TeamRetro\/reviews\/\" target=\"_blank\" rel=\"noopener\">Capterra<\/a><\/span><\/p>\n<\/div><div class=\"imgClientContainer\">\n<img class=\"lazyload\" decoding=\"async\" src=\"data:image\/svg+xml,%3Csvg%20xmlns%3D%27http%3A%2F%2Fwww.w3.org%2F2000%2Fsvg%27%20width%3D%27192%27%20height%3D%27192%27%20viewBox%3D%270%200%20192%20192%27%3E%3Crect%20width%3D%27192%27%20height%3D%27192%27%20fill-opacity%3D%220%22%2F%3E%3C%2Fsvg%3E\" data-orig-src=\"https:\/\/www.teamretro.com\/wp-content\/uploads\/2025\/06\/tr-client4.png\">\n<img class=\"lazyload\" decoding=\"async\" src=\"data:image\/svg+xml,%3Csvg%20xmlns%3D%27http%3A%2F%2Fwww.w3.org%2F2000%2Fsvg%27%20width%3D%27192%27%20height%3D%27192%27%20viewBox%3D%270%200%20192%20192%27%3E%3Crect%20width%3D%27192%27%20height%3D%27192%27%20fill-opacity%3D%220%22%2F%3E%3C%2Fsvg%3E\" data-orig-src=\"https:\/\/www.teamretro.com\/wp-content\/uploads\/2025\/06\/tr-client3.png\">\n<img class=\"lazyload\" decoding=\"async\" src=\"data:image\/svg+xml,%3Csvg%20xmlns%3D%27http%3A%2F%2Fwww.w3.org%2F2000%2Fsvg%27%20width%3D%27192%27%20height%3D%27192%27%20viewBox%3D%270%200%20192%20192%27%3E%3Crect%20width%3D%27192%27%20height%3D%27192%27%20fill-opacity%3D%220%22%2F%3E%3C%2Fsvg%3E\" data-orig-src=\"https:\/\/www.teamretro.com\/wp-content\/uploads\/2025\/06\/tr-client2.png\">\n<img class=\"lazyload\" decoding=\"async\" src=\"data:image\/svg+xml,%3Csvg%20xmlns%3D%27http%3A%2F%2Fwww.w3.org%2F2000%2Fsvg%27%20width%3D%27192%27%20height%3D%27192%27%20viewBox%3D%270%200%20192%20192%27%3E%3Crect%20width%3D%27192%27%20height%3D%27192%27%20fill-opacity%3D%220%22%2F%3E%3C%2Fsvg%3E\" data-orig-src=\"https:\/\/www.teamretro.com\/wp-content\/uploads\/2025\/06\/vaclav-nidrle.png\">\n<img class=\"lazyload\" decoding=\"async\" src=\"data:image\/svg+xml,%3Csvg%20xmlns%3D%27http%3A%2F%2Fwww.w3.org%2F2000%2Fsvg%27%20width%3D%27192%27%20height%3D%27192%27%20viewBox%3D%270%200%20192%20192%27%3E%3Crect%20width%3D%27192%27%20height%3D%27192%27%20fill-opacity%3D%220%22%2F%3E%3C%2Fsvg%3E\" data-orig-src=\"https:\/\/www.teamretro.com\/wp-content\/uploads\/2025\/06\/tr-client1.png\">\n<\/div><div class=\"fusion-text fusion-text-4\" style=\"--awb-content-alignment:center;--awb-margin-top:16px;\"><p>Confiado por mais de 26.000 equipes \u00e1geis \u2014 e crescendo<\/p>\n<\/div><div class=\"fusion-text fusion-text-5\" style=\"--awb-font-size:40px;--awb-line-height:42px;--awb-letter-spacing:0.5px;--awb-text-font-family:&quot;Roboto&quot;;--awb-text-font-style:normal;--awb-text-font-weight:400;\"><p style=\"text-align: center; color: white;\">Experimente gr\u00e1tis por 30 dias, sem necessidade de cart\u00e3o de cr\u00e9dito<\/p>\n<\/div><div class=\"fusion-separator fusion-full-width-sep\" style=\"align-self: center;margin-left: auto;margin-right: auto;margin-top:20px;width:100%;\"><\/div><style type=\"text\/css\">.sign-up-section {\n    text-align: center;\n  }\n\n  .sign-up-form {\n    display: inline-flex;\n    flex-direction: row;\n    text-align: center;\n    align-items: stretch;\n    justify-content: stretch;\n    margin: 0;\n  }\n\n  @media only screen and (max-width: 767px) {\n    .sign-up-form {\n      display: flex;\n      flex-direction: column;\n    }\n  }\n\n  .sign-up-form__input[type=\"email\"] {\n    align-self: stretch;\n    background: #fff;\n    border: 0;\n    border-radius: 30px 0 0 30px;\n    box-sizing: border-box;\n    margin: 0;\n    font-size: 1rem;\n    padding: 18px;\n    line-height: 1em;\n    height: auto;\n    min-width: 300px;\n  }\n  .sign-up__demo-button,\n  .sign-up__submit-button {\n    cursor: pointer;\n    align-self: stretch;\n    background: #52b5d0;\n    border: 0;\n    border-radius: 0 30px 30px 0;\n    margin: 0;\n    box-sizing: border-box;\n    font-size: 1rem;\n    font-weight: 400;\n    color: #fff;\n    padding: 18px;\n    line-height: 1em;\n    white-space: nowrap;\n    transition: none;\n  }\n  .sign-up__demo-button:hover,\n  .sign-up__submit-button:hover {\n    color: white;\n    background-color: #3793bb;\n  }\n  .sign-up__demo-button:active,\n  .sign-up__submit-button:active {\n    color: white;\n    background-color: #4aa3bc;\n  }\n\n  @media only screen and (max-width: 767px) {\n    .sign-up-form__input[type=\"email\"] {\n      border-radius: 30px 30px 0 0;\n      text-align: center;\n    }\n    .sign-up__submit-button {\n      border-radius: 0 0 30px 30px;\n      text-align: center;\n    }\n  }\n\n  .sign-up__demo-button {\n    border-radius: 30px;\n    text-align: center;\n  }\n\n  .sign-up__or {\n    color: white;\n    align-self: center;\n    margin: 8px;\n  }\n<\/style><section class=\"sign-up-section\"><form class=\"sign-up-form\"><input\n      class=\"sign-up-form__input\"\n      name=\"emailAddress\"\n      type=\"email\"\n      maxlength=\"254\"\n      placeholder=\"Your work email\"\n    \/><button class=\"sign-up__submit-button\" type=\"submit\"><strong>GET STARTED FREE<\/strong><\/button><\/form><\/section><div class=\"fusion-separator fusion-full-width-sep\" style=\"align-self: center;margin-left: auto;margin-right: auto;margin-top:20px;width:100%;\"><\/div><div class=\"fusion-text fusion-text-6\"><p style=\"text-align: center;\">Ainda tens d\u00favidas? <a href=\"https:\/\/calendly.com\/groupmap\/teamretro-demo\"><strong style=\"color: white; text-decoration: underline;\">AGENDAR UMA DEMONSTRA\u00c7\u00c3O<\/strong><\/a><\/p>\n<\/div><script>document.addEventListener(\"DOMContentLoaded\", () => {\n    document.querySelector(\".sign-up-form\").addEventListener(\"submit\", (event) => {\n      event.preventDefault();\n      const input = event.target.querySelector(\".sign-up-form__input\");\n      window.location.href =\n        \"https:\/\/secure.teamretro.com\/login\/new?emailAddress=\" +\n        encodeURIComponent(input.value);\n    });\n  });\n<\/script><\/div><\/div><\/div><\/div>\n<\/p>\n","protected":false},"excerpt":{"rendered":"","protected":false},"author":10,"featured_media":0,"parent":0,"menu_order":0,"comment_status":"closed","ping_status":"closed","template":"100-width.php","meta":{"_acf_changed":false,"inline_featured_image":false,"footnotes":""},"class_list":["post-55756","page","type-page","status-publish","hentry"],"acf":[],"yoast_head":"<!-- This site is optimized with the Yoast SEO plugin v27.5 - https:\/\/yoast.com\/product\/yoast-seo-wordpress\/ -->\n<title>Jogo do Avi\u00e3o de Papel | TeamRetro<\/title>\n<meta name=\"description\" content=\"Descobre o Jogo do Avi\u00e3o de Papel para ensinar fluxo de trabalho lean e retrospectivas em equipas \u00e1geis em sess\u00f5es de 60 minutos.\" \/>\n<meta name=\"robots\" content=\"index, follow, max-snippet:-1, max-image-preview:large, max-video-preview:-1\" \/>\n<link rel=\"canonical\" href=\"https:\/\/www.teamretro.com\/pt-br\/jogo-do-aviao-de-papel\/\" \/>\n<meta property=\"og:locale\" content=\"pt_BR\" \/>\n<meta property=\"og:type\" content=\"article\" \/>\n<meta property=\"og:title\" content=\"Jogo do Avi\u00e3o de Papel | TeamRetro\" \/>\n<meta property=\"og:description\" content=\"Descobre o Jogo do Avi\u00e3o de Papel para ensinar fluxo de trabalho lean e retrospectivas em equipas \u00e1geis em sess\u00f5es de 60 minutos.\" \/>\n<meta property=\"og:url\" content=\"https:\/\/www.teamretro.com\/pt-br\/jogo-do-aviao-de-papel\/\" \/>\n<meta property=\"og:site_name\" content=\"TeamRetro\" \/>\n<meta property=\"article:publisher\" content=\"https:\/\/www.facebook.com\/teamretrohq\" \/>\n<meta name=\"twitter:card\" content=\"summary_large_image\" \/>\n<meta name=\"twitter:site\" content=\"@TeamRetroHQ\" \/>\n<meta name=\"twitter:label1\" content=\"Est. tempo de leitura\" \/>\n\t<meta name=\"twitter:data1\" content=\"4 minutos\" \/>\n<script type=\"application\/ld+json\" class=\"yoast-schema-graph\">{\"@context\":\"https:\\\/\\\/schema.org\",\"@graph\":[{\"@type\":\"WebPage\",\"@id\":\"https:\\\/\\\/www.teamretro.com\\\/pt-br\\\/jogo-do-aviao-de-papel\\\/\",\"url\":\"https:\\\/\\\/www.teamretro.com\\\/pt-br\\\/jogo-do-aviao-de-papel\\\/\",\"name\":\"Jogo do Avi\u00e3o de Papel | TeamRetro\",\"isPartOf\":{\"@id\":\"https:\\\/\\\/www.teamretro.com\\\/pt-br\\\/#website\"},\"datePublished\":\"2026-04-30T09:30:34+00:00\",\"description\":\"Descobre o Jogo do Avi\u00e3o de Papel para ensinar fluxo de trabalho lean e retrospectivas em equipas \u00e1geis em sess\u00f5es de 60 minutos.\",\"breadcrumb\":{\"@id\":\"https:\\\/\\\/www.teamretro.com\\\/pt-br\\\/jogo-do-aviao-de-papel\\\/#breadcrumb\"},\"inLanguage\":\"pt-BR\",\"potentialAction\":[{\"@type\":\"ReadAction\",\"target\":[\"https:\\\/\\\/www.teamretro.com\\\/pt-br\\\/jogo-do-aviao-de-papel\\\/\"]}]},{\"@type\":\"BreadcrumbList\",\"@id\":\"https:\\\/\\\/www.teamretro.com\\\/pt-br\\\/jogo-do-aviao-de-papel\\\/#breadcrumb\",\"itemListElement\":[{\"@type\":\"ListItem\",\"position\":1,\"name\":\"Home\",\"item\":\"https:\\\/\\\/www.teamretro.com\\\/pt-br\\\/\"},{\"@type\":\"ListItem\",\"position\":2,\"name\":\"Jogo do Avi\u00e3o de Papel\"}]},{\"@type\":\"WebSite\",\"@id\":\"https:\\\/\\\/www.teamretro.com\\\/pt-br\\\/#website\",\"url\":\"https:\\\/\\\/www.teamretro.com\\\/pt-br\\\/\",\"name\":\"TeamRetro\",\"description\":\"Agile retrospective, health check and estimation tool for distributed teams\",\"publisher\":{\"@id\":\"https:\\\/\\\/www.teamretro.com\\\/pt-br\\\/#organization\"},\"potentialAction\":[{\"@type\":\"SearchAction\",\"target\":{\"@type\":\"EntryPoint\",\"urlTemplate\":\"https:\\\/\\\/www.teamretro.com\\\/pt-br\\\/?s={search_term_string}\"},\"query-input\":{\"@type\":\"PropertyValueSpecification\",\"valueRequired\":true,\"valueName\":\"search_term_string\"}}],\"inLanguage\":\"pt-BR\"},{\"@type\":\"Organization\",\"@id\":\"https:\\\/\\\/www.teamretro.com\\\/pt-br\\\/#organization\",\"name\":\"TeamRetro\",\"url\":\"https:\\\/\\\/www.teamretro.com\\\/pt-br\\\/\",\"logo\":{\"@type\":\"ImageObject\",\"inLanguage\":\"pt-BR\",\"@id\":\"https:\\\/\\\/www.teamretro.com\\\/pt-br\\\/#\\\/schema\\\/logo\\\/image\\\/\",\"url\":\"https:\\\/\\\/www.teamretro.com\\\/wp-content\\\/uploads\\\/2018\\\/06\\\/footer-teamretro-logo.png\",\"contentUrl\":\"https:\\\/\\\/www.teamretro.com\\\/wp-content\\\/uploads\\\/2018\\\/06\\\/footer-teamretro-logo.png\",\"width\":170,\"height\":200,\"caption\":\"TeamRetro\"},\"image\":{\"@id\":\"https:\\\/\\\/www.teamretro.com\\\/pt-br\\\/#\\\/schema\\\/logo\\\/image\\\/\"},\"sameAs\":[\"https:\\\/\\\/www.facebook.com\\\/teamretrohq\",\"https:\\\/\\\/x.com\\\/TeamRetroHQ\",\"https:\\\/\\\/www.linkedin.com\\\/company\\\/teamretro\",\"https:\\\/\\\/www.youtube.com\\\/channel\\\/UCXj_X9Riv6SEb6GtxNYpFbQ\\\/videos?view_as=subscriber\"]}]}<\/script>\n<!-- \/ Yoast SEO plugin. -->","yoast_head_json":{"title":"Jogo do Avi\u00e3o de Papel | TeamRetro","description":"Descobre o Jogo do Avi\u00e3o de Papel para ensinar fluxo de trabalho lean e retrospectivas em equipas \u00e1geis em sess\u00f5es de 60 minutos.","robots":{"index":"index","follow":"follow","max-snippet":"max-snippet:-1","max-image-preview":"max-image-preview:large","max-video-preview":"max-video-preview:-1"},"canonical":"https:\/\/www.teamretro.com\/pt-br\/jogo-do-aviao-de-papel\/","og_locale":"pt_BR","og_type":"article","og_title":"Jogo do Avi\u00e3o de Papel | TeamRetro","og_description":"Descobre o Jogo do Avi\u00e3o de Papel para ensinar fluxo de trabalho lean e retrospectivas em equipas \u00e1geis em sess\u00f5es de 60 minutos.","og_url":"https:\/\/www.teamretro.com\/pt-br\/jogo-do-aviao-de-papel\/","og_site_name":"TeamRetro","article_publisher":"https:\/\/www.facebook.com\/teamretrohq","twitter_card":"summary_large_image","twitter_site":"@TeamRetroHQ","twitter_misc":{"Est. tempo de leitura":"4 minutos"},"schema":{"@context":"https:\/\/schema.org","@graph":[{"@type":"WebPage","@id":"https:\/\/www.teamretro.com\/pt-br\/jogo-do-aviao-de-papel\/","url":"https:\/\/www.teamretro.com\/pt-br\/jogo-do-aviao-de-papel\/","name":"Jogo do Avi\u00e3o de Papel | TeamRetro","isPartOf":{"@id":"https:\/\/www.teamretro.com\/pt-br\/#website"},"datePublished":"2026-04-30T09:30:34+00:00","description":"Descobre o Jogo do Avi\u00e3o de Papel para ensinar fluxo de trabalho lean e retrospectivas em equipas \u00e1geis em sess\u00f5es de 60 minutos.","breadcrumb":{"@id":"https:\/\/www.teamretro.com\/pt-br\/jogo-do-aviao-de-papel\/#breadcrumb"},"inLanguage":"pt-BR","potentialAction":[{"@type":"ReadAction","target":["https:\/\/www.teamretro.com\/pt-br\/jogo-do-aviao-de-papel\/"]}]},{"@type":"BreadcrumbList","@id":"https:\/\/www.teamretro.com\/pt-br\/jogo-do-aviao-de-papel\/#breadcrumb","itemListElement":[{"@type":"ListItem","position":1,"name":"Home","item":"https:\/\/www.teamretro.com\/pt-br\/"},{"@type":"ListItem","position":2,"name":"Jogo do Avi\u00e3o de Papel"}]},{"@type":"WebSite","@id":"https:\/\/www.teamretro.com\/pt-br\/#website","url":"https:\/\/www.teamretro.com\/pt-br\/","name":"TeamRetro","description":"Agile retrospective, health check and estimation tool for distributed teams","publisher":{"@id":"https:\/\/www.teamretro.com\/pt-br\/#organization"},"potentialAction":[{"@type":"SearchAction","target":{"@type":"EntryPoint","urlTemplate":"https:\/\/www.teamretro.com\/pt-br\/?s={search_term_string}"},"query-input":{"@type":"PropertyValueSpecification","valueRequired":true,"valueName":"search_term_string"}}],"inLanguage":"pt-BR"},{"@type":"Organization","@id":"https:\/\/www.teamretro.com\/pt-br\/#organization","name":"TeamRetro","url":"https:\/\/www.teamretro.com\/pt-br\/","logo":{"@type":"ImageObject","inLanguage":"pt-BR","@id":"https:\/\/www.teamretro.com\/pt-br\/#\/schema\/logo\/image\/","url":"https:\/\/www.teamretro.com\/wp-content\/uploads\/2018\/06\/footer-teamretro-logo.png","contentUrl":"https:\/\/www.teamretro.com\/wp-content\/uploads\/2018\/06\/footer-teamretro-logo.png","width":170,"height":200,"caption":"TeamRetro"},"image":{"@id":"https:\/\/www.teamretro.com\/pt-br\/#\/schema\/logo\/image\/"},"sameAs":["https:\/\/www.facebook.com\/teamretrohq","https:\/\/x.com\/TeamRetroHQ","https:\/\/www.linkedin.com\/company\/teamretro","https:\/\/www.youtube.com\/channel\/UCXj_X9Riv6SEb6GtxNYpFbQ\/videos?view_as=subscriber"]}]}},"_links":{"self":[{"href":"https:\/\/www.teamretro.com\/pt-br\/wp-json\/wp\/v2\/pages\/55756","targetHints":{"allow":["GET"]}}],"collection":[{"href":"https:\/\/www.teamretro.com\/pt-br\/wp-json\/wp\/v2\/pages"}],"about":[{"href":"https:\/\/www.teamretro.com\/pt-br\/wp-json\/wp\/v2\/types\/page"}],"author":[{"embeddable":true,"href":"https:\/\/www.teamretro.com\/pt-br\/wp-json\/wp\/v2\/users\/10"}],"replies":[{"embeddable":true,"href":"https:\/\/www.teamretro.com\/pt-br\/wp-json\/wp\/v2\/comments?post=55756"}],"version-history":[{"count":0,"href":"https:\/\/www.teamretro.com\/pt-br\/wp-json\/wp\/v2\/pages\/55756\/revisions"}],"wp:attachment":[{"href":"https:\/\/www.teamretro.com\/pt-br\/wp-json\/wp\/v2\/media?parent=55756"}],"curies":[{"name":"wp","href":"https:\/\/api.w.org\/{rel}","templated":true}]}}