{"id":55752,"date":"2026-04-30T17:29:58","date_gmt":"2026-04-30T09:29:58","guid":{"rendered":"https:\/\/www.teamretro.com\/jogo-da-moeda\/"},"modified":"2026-04-30T17:29:58","modified_gmt":"2026-04-30T09:29:58","slug":"jogo-da-moeda","status":"publish","type":"page","link":"https:\/\/www.teamretro.com\/pt-br\/jogo-da-moeda\/","title":{"rendered":"Jogo da Moeda"},"content":{"rendered":"<p><div class=\"fusion-fullwidth fullwidth-box fusion-builder-row-1 fusion-flex-container fusion-parallax-fixed hundred-percent-fullwidth non-hundred-percent-height-scrolling lazyload hero-container\" style=\"--awb-border-radius-top-left:0px;--awb-border-radius-top-right:0px;--awb-border-radius-bottom-right:0px;--awb-border-radius-bottom-left:0px;--awb-padding-top:150px;--awb-padding-bottom:100px;--awb-margin-top:0px;--awb-margin-bottom:0px;--awb-background-color:#59bece;--awb-background-size:cover;--awb-flex-wrap:wrap;background-attachment:fixed;\" data-bg=\"\/wp-content\/uploads\/2018\/06\/TopBackgroundTint-1.svg\" ><div class=\"fusion-builder-row fusion-row fusion-flex-align-items-flex-start fusion-flex-content-wrap\" style=\"width:calc( 100% + 0px ) !important;max-width:calc( 100% + 0px ) !important;margin-left: calc(-0px \/ 2 );margin-right: calc(-0px \/ 2 );\"><div class=\"fusion-layout-column fusion_builder_column fusion-builder-column-0 fusion_builder_column_1_1 1_1 fusion-flex-column\" style=\"--awb-bg-blend:overlay;--awb-bg-size:cover;--awb-width-large:100%;--awb-margin-top-large:0px;--awb-spacing-right-large:0px;--awb-margin-bottom-large:20px;--awb-spacing-left-large:0px;--awb-width-medium:100%;--awb-spacing-right-medium:0px;--awb-spacing-left-medium:0px;--awb-width-small:100%;--awb-spacing-right-small:0px;--awb-spacing-left-small:0px;\"><div class=\"fusion-column-wrapper fusion-flex-justify-content-flex-start fusion-content-layout-column\"><div class=\"fusion-text fusion-text-1\"><h1 style=\"text-align: center;\">Jogo da Moeda<\/h1>\n<\/div><\/div><\/div><\/div><\/div><div class=\"fusion-fullwidth fullwidth-box fusion-builder-row-2 fusion-flex-container nonhundred-percent-fullwidth non-hundred-percent-height-scrolling\" style=\"--awb-border-radius-top-left:0px;--awb-border-radius-top-right:0px;--awb-border-radius-bottom-right:0px;--awb-border-radius-bottom-left:0px;--awb-padding-top:60px;--awb-padding-bottom:40px;--awb-flex-wrap:wrap;\" ><div class=\"fusion-builder-row fusion-row fusion-flex-align-items-flex-start fusion-flex-content-wrap\" style=\"max-width:calc( 1200px + 0px );margin-left: calc(-0px \/ 2 );margin-right: calc(-0px \/ 2 );\"><div class=\"fusion-layout-column fusion_builder_column fusion-builder-column-1 fusion_builder_column_1_1 1_1 fusion-flex-column\" style=\"--awb-bg-blend:overlay;--awb-bg-size:cover;--awb-width-large:100%;--awb-margin-top-large:0px;--awb-spacing-right-large:0px;--awb-margin-bottom-large:20px;--awb-spacing-left-large:0px;--awb-width-medium:100%;--awb-spacing-right-medium:0px;--awb-spacing-left-medium:0px;--awb-width-small:100%;--awb-spacing-right-small:0px;--awb-spacing-left-small:0px;\"><div class=\"fusion-column-wrapper fusion-column-has-shadow fusion-flex-justify-content-flex-start fusion-content-layout-column\"><div class=\"fusion-text fusion-text-2\"><p>Come\u00e7a a lan\u00e7ar moedas com um desafio de fluxo kanban que vai ajudar as equipas a manterem-se ativas.<\/p>\n<p><strong>Objetivos de aprendizagem<\/strong>: O primeiro princ\u00edpio do Manifesto Agile, Implementa\u00e7\u00e3o cont\u00ednua.<\/p>\n<p><strong>Tempo de jogo<\/strong>: 15 minutos.<\/p>\n<p><strong>Presencial ou Virtual<\/strong>: Ambos.<\/p>\n<p><strong>N\u00famero de jogadores<\/strong>: 3+ pessoas.<\/p>\n<p><strong>Recursos necess\u00e1rios<\/strong>: 20 moedas \u2013 N\u00e3o precisam de ser iguais.<\/p>\n<p><strong>Como o jogo funciona<\/strong>: O objetivo do jogo das moedas \u00e9 aprender sobre o primeiro princ\u00edpio do Manifesto \u00c1gil, que \u00e9: \u201cNossa maior prioridade \u00e9 satisfazer o cliente por meio da entrega antecipada e cont\u00ednua de software de valor.\u201d<\/p>\n<h3>As regras do Jogo da Moeda<\/h3>\n<p>O objetivo deste jogo \u00e9 descobrir a forma mais r\u00e1pida de entregar valor ao cliente como equipa. Essencialmente, isto significa comparar abordagens Agile com abordagens tradicionais e determinar o melhor tamanho de lote. <\/p>\n<p>As regras s\u00e3o as seguintes:<\/p>\n<ul>\n<li aria-level=\"1\">Existe um n\u00famero definido de moedas que representam valor para o cliente.<\/li>\n<li aria-level=\"1\">Cada moeda precisa de ser lan\u00e7ada por cada pessoa ao longo da cadeia de valor antes de ser entregue ao cliente.<\/li>\n<li aria-level=\"1\">O processo \u00e9 cronometrado para ver quanto tempo demora a entregar valor ao cliente.<\/li>\n<li aria-level=\"1\">Haver\u00e1 3+ itera\u00e7\u00f5es que s\u00e3o cronometradas.<\/li>\n<\/ul>\n<p>Re\u00fane a equipa e fornece os objetivos e instru\u00e7\u00f5es.<\/p>\n<p>Separa-os em equipas de 5 ou 6 pessoas. Podem representar diferentes fun\u00e7\u00f5es na cadeia de valor. <\/p>\n<p>Pede \u00e0s pessoas que decidam a forma mais r\u00e1pida de se revezarem a lan\u00e7ar as moedas e empilh\u00e1-las no final do processo, prontas para entrega ao cliente.<\/p>\n<p>Ap\u00f3s um minuto de discuss\u00e3o, inicia o cron\u00f3metro e deixa-os jogar. Para o cron\u00f3metro quando todas as moedas tiverem sido lan\u00e7adas por cada pessoa e empilhadas. <\/p>\n<p>Permite uma retrospetiva de um minuto para ver como podem mudar a estrat\u00e9gia e depois repete a atividade acima.<\/p>\n<p>Volta a executar a atividade, registando o tempo necess\u00e1rio para cada itera\u00e7\u00e3o.<\/p>\n<p>Quando todas as itera\u00e7\u00f5es estiverem conclu\u00eddas, faz um debriefing. Podes fazer perguntas como: <\/p>\n<ul>\n<li aria-level=\"1\">Que tamanhos de lote tiveram melhor desempenho em termos de tempo? Porque achas que isso aconteceu? <\/li>\n<li aria-level=\"1\">Houve algo que te surpreendeu no jogo?<\/li>\n<li aria-level=\"1\">Como achas que mudaria se a dist\u00e2ncia entre as pessoas fosse aumentada?<\/li>\n<li aria-level=\"1\">Como achas que as coisas mudariam se tivesses de esperar 10 segundos cada vez que houvesse uma transfer\u00eancia de moedas?<\/li>\n<li aria-level=\"1\">Se introduziste um pedido de altera\u00e7\u00e3o durante o jogo, como \u00e9 que isso impactou o processo?<\/li>\n<li aria-level=\"1\">Se tivesses comparado com a abordagem tradicional em cascata, que diferen\u00e7as notaste?<\/li>\n<li aria-level=\"1\">Qu\u00e3o boas foram as estimativas de tempo da equipa?<\/li>\n<li aria-level=\"1\">O que mais aprendeste com esta atividade que querias partilhar?<\/li>\n<\/ul>\n<h3>Varia\u00e7\u00f5es do Jogo Agile da Moeda<\/h3>\n<p>Podes variar este desafio ao:<\/p>\n<ul>\n<li aria-level=\"1\">Fazer com que as equipas comecem por completar a tarefa numa abordagem tradicional em cascata, onde cada moeda era lan\u00e7ada por uma pessoa antes de ser passada para a pessoa seguinte. Isto serve como linha de base. <\/li>\n<li aria-level=\"1\">Introduzir um ou mais pedidos de altera\u00e7\u00e3o ao processo \u2013 por exemplo, S\u00f3 quero moedas de 2 $ ou Moedas com a imagem de um animal.<\/li>\n<li aria-level=\"1\">Fazer com que as equipas estimem quanto tempo levaria a completar a tarefa em diferentes tamanhos de lote.<\/li>\n<\/ul>\n<\/div><\/div><\/div><\/div><\/div><div class=\"fusion-fullwidth fullwidth-box fusion-builder-row-3 fusion-flex-container has-pattern-background has-mask-background fusion-parallax-none nonhundred-percent-fullwidth non-hundred-percent-height-scrolling lazyload get-started\" style=\"--awb-border-radius-top-left:0px;--awb-border-radius-top-right:0px;--awb-border-radius-bottom-right:0px;--awb-border-radius-bottom-left:0px;--awb-padding-top:8.75rem;--awb-padding-bottom:7.5rem;--awb-margin-top:0px;--awb-margin-bottom:0px;--awb-background-image:linear-gradient(180deg, #2d8fd0 0%,#4ab8ed 100%);;--awb-background-size:cover;--awb-flex-wrap:wrap;\" data-bg=\"https:\/\/www.teamretro.com\/wp-content\/uploads\/2018\/06\/TopBackground2-1.svg\" data-bg-gradient=\"linear-gradient(180deg, #2d8fd0 0%,#4ab8ed 100%)\" ><div class=\"fusion-builder-row fusion-row fusion-flex-align-items-flex-start fusion-flex-content-wrap\" style=\"max-width:calc( 1200px + 0px );margin-left: calc(-0px \/ 2 );margin-right: calc(-0px \/ 2 );\"><div class=\"fusion-layout-column fusion_builder_column fusion-builder-column-2 fusion_builder_column_1_1 1_1 fusion-flex-column\" style=\"--awb-bg-blend:overlay;--awb-bg-size:cover;--awb-width-large:100%;--awb-margin-top-large:0px;--awb-spacing-right-large:0px;--awb-margin-bottom-large:0px;--awb-spacing-left-large:0px;--awb-width-medium:100%;--awb-spacing-right-medium:0px;--awb-spacing-left-medium:0px;--awb-width-small:100%;--awb-spacing-right-small:0px;--awb-spacing-left-small:0px;\"><div class=\"fusion-column-wrapper fusion-flex-justify-content-flex-start fusion-content-layout-column\"><style>.get-started h2 {\n  color: white;\n}\n.get-started p {\n  color: white;\n  opacity: 0.75;\n}\n.imgClientContainer{\n display:flex;\n  position:relative;\n justify-content:center;\n gap:20;\n}\n.imgClientContainer img{\n max-height:48px;\n max-width:48px;\n  width:48px;\n  height:48px;\n  margin-left:-18px;\n  border:4px solid #369BD9;\n  border-radius:50%;\n}\n@media (max-width:620px){\n  .CTA-header{\n   font-size:30px;\n  }\n}\n<\/style><div class=\"fusion-text fusion-text-3\"><p><span style=\"display: flex; justify-content: center; gap: 5px;\"><img decoding=\"async\" class=\"lazyload size-full wp-image-40984\" src=\"data:image\/svg+xml,%3Csvg%20xmlns%3D%27http%3A%2F%2Fwww.w3.org%2F2000%2Fsvg%27%20width%3D%2724%27%20height%3D%2724%27%20viewBox%3D%270%200%2024%2024%27%3E%3Crect%20width%3D%2724%27%20height%3D%2724%27%20fill-opacity%3D%220%22%2F%3E%3C%2Fsvg%3E\" data-orig-src=\"https:\/\/www.teamretro.com\/wp-content\/uploads\/2025\/06\/star-icon.png\" alt=\"\" width=\"24\" height=\"24\">4,8 no<img decoding=\"async\" class=\"lazyload size-full wp-image-40980\" src=\"data:image\/svg+xml,%3Csvg%20xmlns%3D%27http%3A%2F%2Fwww.w3.org%2F2000%2Fsvg%27%20width%3D%2724%27%20height%3D%2724%27%20viewBox%3D%270%200%2024%2024%27%3E%3Crect%20width%3D%2724%27%20height%3D%2724%27%20fill-opacity%3D%220%22%2F%3E%3C%2Fsvg%3E\" data-orig-src=\"https:\/\/www.teamretro.com\/wp-content\/uploads\/2025\/06\/capterra-icon.png\" alt=\"\" width=\"24\" height=\"24\"> <a style=\"color: white; text-decoration: underline;\" href=\"https:\/\/www.capterra.com\/p\/193264\/TeamRetro\/reviews\/\" target=\"_blank\" rel=\"noopener\">Capterra<\/a><\/span><\/p>\n<\/div><div class=\"imgClientContainer\">\n<img class=\"lazyload\" decoding=\"async\" src=\"data:image\/svg+xml,%3Csvg%20xmlns%3D%27http%3A%2F%2Fwww.w3.org%2F2000%2Fsvg%27%20width%3D%27192%27%20height%3D%27192%27%20viewBox%3D%270%200%20192%20192%27%3E%3Crect%20width%3D%27192%27%20height%3D%27192%27%20fill-opacity%3D%220%22%2F%3E%3C%2Fsvg%3E\" data-orig-src=\"https:\/\/www.teamretro.com\/wp-content\/uploads\/2025\/06\/tr-client4.png\">\n<img class=\"lazyload\" decoding=\"async\" src=\"data:image\/svg+xml,%3Csvg%20xmlns%3D%27http%3A%2F%2Fwww.w3.org%2F2000%2Fsvg%27%20width%3D%27192%27%20height%3D%27192%27%20viewBox%3D%270%200%20192%20192%27%3E%3Crect%20width%3D%27192%27%20height%3D%27192%27%20fill-opacity%3D%220%22%2F%3E%3C%2Fsvg%3E\" data-orig-src=\"https:\/\/www.teamretro.com\/wp-content\/uploads\/2025\/06\/tr-client3.png\">\n<img class=\"lazyload\" decoding=\"async\" src=\"data:image\/svg+xml,%3Csvg%20xmlns%3D%27http%3A%2F%2Fwww.w3.org%2F2000%2Fsvg%27%20width%3D%27192%27%20height%3D%27192%27%20viewBox%3D%270%200%20192%20192%27%3E%3Crect%20width%3D%27192%27%20height%3D%27192%27%20fill-opacity%3D%220%22%2F%3E%3C%2Fsvg%3E\" data-orig-src=\"https:\/\/www.teamretro.com\/wp-content\/uploads\/2025\/06\/tr-client2.png\">\n<img class=\"lazyload\" decoding=\"async\" src=\"data:image\/svg+xml,%3Csvg%20xmlns%3D%27http%3A%2F%2Fwww.w3.org%2F2000%2Fsvg%27%20width%3D%27192%27%20height%3D%27192%27%20viewBox%3D%270%200%20192%20192%27%3E%3Crect%20width%3D%27192%27%20height%3D%27192%27%20fill-opacity%3D%220%22%2F%3E%3C%2Fsvg%3E\" data-orig-src=\"https:\/\/www.teamretro.com\/wp-content\/uploads\/2025\/06\/vaclav-nidrle.png\">\n<img class=\"lazyload\" decoding=\"async\" src=\"data:image\/svg+xml,%3Csvg%20xmlns%3D%27http%3A%2F%2Fwww.w3.org%2F2000%2Fsvg%27%20width%3D%27192%27%20height%3D%27192%27%20viewBox%3D%270%200%20192%20192%27%3E%3Crect%20width%3D%27192%27%20height%3D%27192%27%20fill-opacity%3D%220%22%2F%3E%3C%2Fsvg%3E\" data-orig-src=\"https:\/\/www.teamretro.com\/wp-content\/uploads\/2025\/06\/tr-client1.png\">\n<\/div><div class=\"fusion-text fusion-text-4\" style=\"--awb-content-alignment:center;--awb-margin-top:16px;\"><p>Confiado por mais de 26.000 equipes \u00e1geis \u2014 e crescendo<\/p>\n<\/div><div class=\"fusion-text fusion-text-5\" style=\"--awb-font-size:40px;--awb-line-height:42px;--awb-letter-spacing:0.5px;--awb-text-font-family:&quot;Roboto&quot;;--awb-text-font-style:normal;--awb-text-font-weight:400;\"><p style=\"text-align: center; color: white;\">Experimente gr\u00e1tis por 30 dias, sem necessidade de cart\u00e3o de cr\u00e9dito<\/p>\n<\/div><div class=\"fusion-separator fusion-full-width-sep\" style=\"align-self: center;margin-left: auto;margin-right: auto;margin-top:20px;width:100%;\"><\/div><style type=\"text\/css\">.sign-up-section {\n    text-align: center;\n  }\n\n  .sign-up-form {\n    display: inline-flex;\n    flex-direction: row;\n    text-align: center;\n    align-items: stretch;\n    justify-content: stretch;\n    margin: 0;\n  }\n\n  @media only screen and (max-width: 767px) {\n    .sign-up-form {\n      display: flex;\n      flex-direction: column;\n    }\n  }\n\n  .sign-up-form__input[type=\"email\"] {\n    align-self: stretch;\n    background: #fff;\n    border: 0;\n    border-radius: 30px 0 0 30px;\n    box-sizing: border-box;\n    margin: 0;\n    font-size: 1rem;\n    padding: 18px;\n    line-height: 1em;\n    height: auto;\n    min-width: 300px;\n  }\n  .sign-up__demo-button,\n  .sign-up__submit-button {\n    cursor: pointer;\n    align-self: stretch;\n    background: #52b5d0;\n    border: 0;\n    border-radius: 0 30px 30px 0;\n    margin: 0;\n    box-sizing: border-box;\n    font-size: 1rem;\n    font-weight: 400;\n    color: #fff;\n    padding: 18px;\n    line-height: 1em;\n    white-space: nowrap;\n    transition: none;\n  }\n  .sign-up__demo-button:hover,\n  .sign-up__submit-button:hover {\n    color: white;\n    background-color: #3793bb;\n  }\n  .sign-up__demo-button:active,\n  .sign-up__submit-button:active {\n    color: white;\n    background-color: #4aa3bc;\n  }\n\n  @media only screen and (max-width: 767px) {\n    .sign-up-form__input[type=\"email\"] {\n      border-radius: 30px 30px 0 0;\n      text-align: center;\n    }\n    .sign-up__submit-button {\n      border-radius: 0 0 30px 30px;\n      text-align: center;\n    }\n  }\n\n  .sign-up__demo-button {\n    border-radius: 30px;\n    text-align: center;\n  }\n\n  .sign-up__or {\n    color: white;\n    align-self: center;\n    margin: 8px;\n  }\n<\/style><section class=\"sign-up-section\"><form class=\"sign-up-form\"><input\n      class=\"sign-up-form__input\"\n      name=\"emailAddress\"\n      type=\"email\"\n      maxlength=\"254\"\n      placeholder=\"Your work email\"\n    \/><button class=\"sign-up__submit-button\" type=\"submit\"><strong>GET STARTED FREE<\/strong><\/button><\/form><\/section><div class=\"fusion-separator fusion-full-width-sep\" style=\"align-self: center;margin-left: auto;margin-right: auto;margin-top:20px;width:100%;\"><\/div><div class=\"fusion-text fusion-text-6\"><p style=\"text-align: center;\">Ainda tens d\u00favidas? <a href=\"https:\/\/calendly.com\/groupmap\/teamretro-demo\"><strong style=\"color: white; text-decoration: underline;\">AGENDAR UMA DEMONSTRA\u00c7\u00c3O<\/strong><\/a><\/p>\n<\/div><script>document.addEventListener(\"DOMContentLoaded\", () => {\n    document.querySelector(\".sign-up-form\").addEventListener(\"submit\", (event) => {\n      event.preventDefault();\n      const input = event.target.querySelector(\".sign-up-form__input\");\n      window.location.href =\n        \"https:\/\/secure.teamretro.com\/login\/new?emailAddress=\" +\n        encodeURIComponent(input.value);\n    });\n  });\n<\/script><\/div><\/div><\/div><\/div>\n<\/p>\n","protected":false},"excerpt":{"rendered":"","protected":false},"author":10,"featured_media":42690,"parent":0,"menu_order":0,"comment_status":"closed","ping_status":"closed","template":"100-width.php","meta":{"_acf_changed":false,"inline_featured_image":false,"footnotes":""},"class_list":["post-55752","page","type-page","status-publish","has-post-thumbnail","hentry"],"acf":[],"yoast_head":"<!-- This site is optimized with the Yoast SEO plugin v27.5 - https:\/\/yoast.com\/product\/yoast-seo-wordpress\/ -->\n<title>Jogo da Moeda - TeamRetro<\/title>\n<meta name=\"description\" content=\"Come\u00e7a a lan\u00e7ar moedas com um desafio de fluxo kanban que vai ajudar as equipas a manterem-se ativas.\" \/>\n<meta name=\"robots\" content=\"index, follow, max-snippet:-1, max-image-preview:large, max-video-preview:-1\" \/>\n<link rel=\"canonical\" href=\"https:\/\/www.teamretro.com\/pt-br\/jogo-da-moeda\/\" \/>\n<meta property=\"og:locale\" content=\"pt_BR\" \/>\n<meta property=\"og:type\" content=\"article\" \/>\n<meta property=\"og:title\" content=\"Jogo da Moeda - TeamRetro\" \/>\n<meta property=\"og:description\" content=\"Come\u00e7a a lan\u00e7ar moedas com um desafio de fluxo kanban que vai ajudar as equipas a manterem-se ativas.\" \/>\n<meta property=\"og:url\" content=\"https:\/\/www.teamretro.com\/pt-br\/jogo-da-moeda\/\" \/>\n<meta property=\"og:site_name\" content=\"TeamRetro\" \/>\n<meta property=\"article:publisher\" content=\"https:\/\/www.facebook.com\/teamretrohq\" \/>\n<meta property=\"og:image\" content=\"https:\/\/www.teamretro.com\/wp-content\/uploads\/2022\/12\/cropped-Teamretro-logo.png\" \/>\n\t<meta property=\"og:image:width\" content=\"512\" \/>\n\t<meta property=\"og:image:height\" content=\"512\" \/>\n\t<meta property=\"og:image:type\" content=\"image\/png\" \/>\n<meta name=\"twitter:card\" content=\"summary_large_image\" \/>\n<meta name=\"twitter:site\" content=\"@TeamRetroHQ\" \/>\n<meta name=\"twitter:label1\" content=\"Est. tempo de leitura\" \/>\n\t<meta name=\"twitter:data1\" content=\"4 minutos\" \/>\n<script type=\"application\/ld+json\" class=\"yoast-schema-graph\">{\"@context\":\"https:\\\/\\\/schema.org\",\"@graph\":[{\"@type\":\"WebPage\",\"@id\":\"https:\\\/\\\/www.teamretro.com\\\/pt-br\\\/jogo-da-moeda\\\/\",\"url\":\"https:\\\/\\\/www.teamretro.com\\\/pt-br\\\/jogo-da-moeda\\\/\",\"name\":\"Jogo da Moeda - TeamRetro\",\"isPartOf\":{\"@id\":\"https:\\\/\\\/www.teamretro.com\\\/pt-br\\\/#website\"},\"primaryImageOfPage\":{\"@id\":\"https:\\\/\\\/www.teamretro.com\\\/pt-br\\\/jogo-da-moeda\\\/#primaryimage\"},\"image\":{\"@id\":\"https:\\\/\\\/www.teamretro.com\\\/pt-br\\\/jogo-da-moeda\\\/#primaryimage\"},\"thumbnailUrl\":\"https:\\\/\\\/www.teamretro.com\\\/wp-content\\\/uploads\\\/2022\\\/12\\\/cropped-Teamretro-logo.png\",\"datePublished\":\"2026-04-30T09:29:58+00:00\",\"description\":\"Come\u00e7a a lan\u00e7ar moedas com um desafio de fluxo kanban que vai ajudar as equipas a manterem-se ativas.\",\"breadcrumb\":{\"@id\":\"https:\\\/\\\/www.teamretro.com\\\/pt-br\\\/jogo-da-moeda\\\/#breadcrumb\"},\"inLanguage\":\"pt-BR\",\"potentialAction\":[{\"@type\":\"ReadAction\",\"target\":[\"https:\\\/\\\/www.teamretro.com\\\/pt-br\\\/jogo-da-moeda\\\/\"]}]},{\"@type\":\"ImageObject\",\"inLanguage\":\"pt-BR\",\"@id\":\"https:\\\/\\\/www.teamretro.com\\\/pt-br\\\/jogo-da-moeda\\\/#primaryimage\",\"url\":\"https:\\\/\\\/www.teamretro.com\\\/wp-content\\\/uploads\\\/2022\\\/12\\\/cropped-Teamretro-logo.png\",\"contentUrl\":\"https:\\\/\\\/www.teamretro.com\\\/wp-content\\\/uploads\\\/2022\\\/12\\\/cropped-Teamretro-logo.png\",\"width\":512,\"height\":512,\"caption\":\"Logotipo cl\u00e1ssico do TeamRetro com uma identidade de marca limpa e simples\"},{\"@type\":\"BreadcrumbList\",\"@id\":\"https:\\\/\\\/www.teamretro.com\\\/pt-br\\\/jogo-da-moeda\\\/#breadcrumb\",\"itemListElement\":[{\"@type\":\"ListItem\",\"position\":1,\"name\":\"Home\",\"item\":\"https:\\\/\\\/www.teamretro.com\\\/pt-br\\\/\"},{\"@type\":\"ListItem\",\"position\":2,\"name\":\"Jogo da Moeda\"}]},{\"@type\":\"WebSite\",\"@id\":\"https:\\\/\\\/www.teamretro.com\\\/pt-br\\\/#website\",\"url\":\"https:\\\/\\\/www.teamretro.com\\\/pt-br\\\/\",\"name\":\"TeamRetro\",\"description\":\"Agile retrospective, health check and estimation tool for distributed teams\",\"publisher\":{\"@id\":\"https:\\\/\\\/www.teamretro.com\\\/pt-br\\\/#organization\"},\"potentialAction\":[{\"@type\":\"SearchAction\",\"target\":{\"@type\":\"EntryPoint\",\"urlTemplate\":\"https:\\\/\\\/www.teamretro.com\\\/pt-br\\\/?s={search_term_string}\"},\"query-input\":{\"@type\":\"PropertyValueSpecification\",\"valueRequired\":true,\"valueName\":\"search_term_string\"}}],\"inLanguage\":\"pt-BR\"},{\"@type\":\"Organization\",\"@id\":\"https:\\\/\\\/www.teamretro.com\\\/pt-br\\\/#organization\",\"name\":\"TeamRetro\",\"url\":\"https:\\\/\\\/www.teamretro.com\\\/pt-br\\\/\",\"logo\":{\"@type\":\"ImageObject\",\"inLanguage\":\"pt-BR\",\"@id\":\"https:\\\/\\\/www.teamretro.com\\\/pt-br\\\/#\\\/schema\\\/logo\\\/image\\\/\",\"url\":\"https:\\\/\\\/www.teamretro.com\\\/wp-content\\\/uploads\\\/2018\\\/06\\\/footer-teamretro-logo.png\",\"contentUrl\":\"https:\\\/\\\/www.teamretro.com\\\/wp-content\\\/uploads\\\/2018\\\/06\\\/footer-teamretro-logo.png\",\"width\":170,\"height\":200,\"caption\":\"TeamRetro\"},\"image\":{\"@id\":\"https:\\\/\\\/www.teamretro.com\\\/pt-br\\\/#\\\/schema\\\/logo\\\/image\\\/\"},\"sameAs\":[\"https:\\\/\\\/www.facebook.com\\\/teamretrohq\",\"https:\\\/\\\/x.com\\\/TeamRetroHQ\",\"https:\\\/\\\/www.linkedin.com\\\/company\\\/teamretro\",\"https:\\\/\\\/www.youtube.com\\\/channel\\\/UCXj_X9Riv6SEb6GtxNYpFbQ\\\/videos?view_as=subscriber\"]}]}<\/script>\n<!-- \/ Yoast SEO plugin. -->","yoast_head_json":{"title":"Jogo da Moeda - TeamRetro","description":"Come\u00e7a a lan\u00e7ar moedas com um desafio de fluxo kanban que vai ajudar as equipas a manterem-se ativas.","robots":{"index":"index","follow":"follow","max-snippet":"max-snippet:-1","max-image-preview":"max-image-preview:large","max-video-preview":"max-video-preview:-1"},"canonical":"https:\/\/www.teamretro.com\/pt-br\/jogo-da-moeda\/","og_locale":"pt_BR","og_type":"article","og_title":"Jogo da Moeda - TeamRetro","og_description":"Come\u00e7a a lan\u00e7ar moedas com um desafio de fluxo kanban que vai ajudar as equipas a manterem-se ativas.","og_url":"https:\/\/www.teamretro.com\/pt-br\/jogo-da-moeda\/","og_site_name":"TeamRetro","article_publisher":"https:\/\/www.facebook.com\/teamretrohq","og_image":[{"width":512,"height":512,"url":"https:\/\/www.teamretro.com\/wp-content\/uploads\/2022\/12\/cropped-Teamretro-logo.png","type":"image\/png"}],"twitter_card":"summary_large_image","twitter_site":"@TeamRetroHQ","twitter_misc":{"Est. tempo de leitura":"4 minutos"},"schema":{"@context":"https:\/\/schema.org","@graph":[{"@type":"WebPage","@id":"https:\/\/www.teamretro.com\/pt-br\/jogo-da-moeda\/","url":"https:\/\/www.teamretro.com\/pt-br\/jogo-da-moeda\/","name":"Jogo da Moeda - TeamRetro","isPartOf":{"@id":"https:\/\/www.teamretro.com\/pt-br\/#website"},"primaryImageOfPage":{"@id":"https:\/\/www.teamretro.com\/pt-br\/jogo-da-moeda\/#primaryimage"},"image":{"@id":"https:\/\/www.teamretro.com\/pt-br\/jogo-da-moeda\/#primaryimage"},"thumbnailUrl":"https:\/\/www.teamretro.com\/wp-content\/uploads\/2022\/12\/cropped-Teamretro-logo.png","datePublished":"2026-04-30T09:29:58+00:00","description":"Come\u00e7a a lan\u00e7ar moedas com um desafio de fluxo kanban que vai ajudar as equipas a manterem-se ativas.","breadcrumb":{"@id":"https:\/\/www.teamretro.com\/pt-br\/jogo-da-moeda\/#breadcrumb"},"inLanguage":"pt-BR","potentialAction":[{"@type":"ReadAction","target":["https:\/\/www.teamretro.com\/pt-br\/jogo-da-moeda\/"]}]},{"@type":"ImageObject","inLanguage":"pt-BR","@id":"https:\/\/www.teamretro.com\/pt-br\/jogo-da-moeda\/#primaryimage","url":"https:\/\/www.teamretro.com\/wp-content\/uploads\/2022\/12\/cropped-Teamretro-logo.png","contentUrl":"https:\/\/www.teamretro.com\/wp-content\/uploads\/2022\/12\/cropped-Teamretro-logo.png","width":512,"height":512,"caption":"Logotipo cl\u00e1ssico do TeamRetro com uma identidade de marca limpa e simples"},{"@type":"BreadcrumbList","@id":"https:\/\/www.teamretro.com\/pt-br\/jogo-da-moeda\/#breadcrumb","itemListElement":[{"@type":"ListItem","position":1,"name":"Home","item":"https:\/\/www.teamretro.com\/pt-br\/"},{"@type":"ListItem","position":2,"name":"Jogo da Moeda"}]},{"@type":"WebSite","@id":"https:\/\/www.teamretro.com\/pt-br\/#website","url":"https:\/\/www.teamretro.com\/pt-br\/","name":"TeamRetro","description":"Agile retrospective, health check and estimation tool for distributed teams","publisher":{"@id":"https:\/\/www.teamretro.com\/pt-br\/#organization"},"potentialAction":[{"@type":"SearchAction","target":{"@type":"EntryPoint","urlTemplate":"https:\/\/www.teamretro.com\/pt-br\/?s={search_term_string}"},"query-input":{"@type":"PropertyValueSpecification","valueRequired":true,"valueName":"search_term_string"}}],"inLanguage":"pt-BR"},{"@type":"Organization","@id":"https:\/\/www.teamretro.com\/pt-br\/#organization","name":"TeamRetro","url":"https:\/\/www.teamretro.com\/pt-br\/","logo":{"@type":"ImageObject","inLanguage":"pt-BR","@id":"https:\/\/www.teamretro.com\/pt-br\/#\/schema\/logo\/image\/","url":"https:\/\/www.teamretro.com\/wp-content\/uploads\/2018\/06\/footer-teamretro-logo.png","contentUrl":"https:\/\/www.teamretro.com\/wp-content\/uploads\/2018\/06\/footer-teamretro-logo.png","width":170,"height":200,"caption":"TeamRetro"},"image":{"@id":"https:\/\/www.teamretro.com\/pt-br\/#\/schema\/logo\/image\/"},"sameAs":["https:\/\/www.facebook.com\/teamretrohq","https:\/\/x.com\/TeamRetroHQ","https:\/\/www.linkedin.com\/company\/teamretro","https:\/\/www.youtube.com\/channel\/UCXj_X9Riv6SEb6GtxNYpFbQ\/videos?view_as=subscriber"]}]}},"_links":{"self":[{"href":"https:\/\/www.teamretro.com\/pt-br\/wp-json\/wp\/v2\/pages\/55752","targetHints":{"allow":["GET"]}}],"collection":[{"href":"https:\/\/www.teamretro.com\/pt-br\/wp-json\/wp\/v2\/pages"}],"about":[{"href":"https:\/\/www.teamretro.com\/pt-br\/wp-json\/wp\/v2\/types\/page"}],"author":[{"embeddable":true,"href":"https:\/\/www.teamretro.com\/pt-br\/wp-json\/wp\/v2\/users\/10"}],"replies":[{"embeddable":true,"href":"https:\/\/www.teamretro.com\/pt-br\/wp-json\/wp\/v2\/comments?post=55752"}],"version-history":[{"count":2,"href":"https:\/\/www.teamretro.com\/pt-br\/wp-json\/wp\/v2\/pages\/55752\/revisions"}],"predecessor-version":[{"id":55754,"href":"https:\/\/www.teamretro.com\/pt-br\/wp-json\/wp\/v2\/pages\/55752\/revisions\/55754"}],"wp:featuredmedia":[{"embeddable":true,"href":"https:\/\/www.teamretro.com\/pt-br\/wp-json\/wp\/v2\/media\/42690"}],"wp:attachment":[{"href":"https:\/\/www.teamretro.com\/pt-br\/wp-json\/wp\/v2\/media?parent=55752"}],"curies":[{"name":"wp","href":"https:\/\/api.w.org\/{rel}","templated":true}]}}