{"id":55745,"date":"2026-04-30T17:28:48","date_gmt":"2026-04-30T09:28:48","guid":{"rendered":"https:\/\/www.teamretro.com\/paper-airplane-game\/"},"modified":"2026-04-30T17:28:48","modified_gmt":"2026-04-30T09:28:48","slug":"paper-airplane-game","status":"publish","type":"page","link":"https:\/\/www.teamretro.com\/es\/paper-airplane-game\/","title":{"rendered":"Paper Airplane Game"},"content":{"rendered":"<p><div class=\"fusion-fullwidth fullwidth-box fusion-builder-row-1 fusion-flex-container fusion-parallax-fixed hundred-percent-fullwidth non-hundred-percent-height-scrolling lazyload hero-container\" style=\"--awb-border-radius-top-left:0px;--awb-border-radius-top-right:0px;--awb-border-radius-bottom-right:0px;--awb-border-radius-bottom-left:0px;--awb-padding-top:150px;--awb-padding-bottom:100px;--awb-margin-top:0px;--awb-margin-bottom:0px;--awb-background-color:#59bece;--awb-background-size:cover;--awb-flex-wrap:wrap;background-attachment:fixed;\" data-bg=\"\/wp-content\/uploads\/2018\/06\/TopBackgroundTint-1.svg\" ><div class=\"fusion-builder-row fusion-row fusion-flex-align-items-flex-start fusion-flex-content-wrap\" style=\"width:calc( 100% + 0px ) !important;max-width:calc( 100% + 0px ) !important;margin-left: calc(-0px \/ 2 );margin-right: calc(-0px \/ 2 );\"><div class=\"fusion-layout-column fusion_builder_column fusion-builder-column-0 fusion_builder_column_1_1 1_1 fusion-flex-column\" style=\"--awb-bg-blend:overlay;--awb-bg-size:cover;--awb-width-large:100%;--awb-margin-top-large:0px;--awb-spacing-right-large:0px;--awb-margin-bottom-large:20px;--awb-spacing-left-large:0px;--awb-width-medium:100%;--awb-spacing-right-medium:0px;--awb-spacing-left-medium:0px;--awb-width-small:100%;--awb-spacing-right-small:0px;--awb-spacing-left-small:0px;\"><div class=\"fusion-column-wrapper fusion-flex-justify-content-flex-start fusion-content-layout-column\"><div class=\"fusion-text fusion-text-1\"><h1 style=\"text-align: center;\">Paper Airplane Game<\/h1>\n<\/div><\/div><\/div><\/div><\/div><div class=\"fusion-fullwidth fullwidth-box fusion-builder-row-2 fusion-flex-container nonhundred-percent-fullwidth non-hundred-percent-height-scrolling\" style=\"--awb-border-radius-top-left:0px;--awb-border-radius-top-right:0px;--awb-border-radius-bottom-right:0px;--awb-border-radius-bottom-left:0px;--awb-padding-top:60px;--awb-padding-bottom:40px;--awb-flex-wrap:wrap;\" ><div class=\"fusion-builder-row fusion-row fusion-flex-align-items-flex-start fusion-flex-content-wrap\" style=\"max-width:calc( 1200px + 0px );margin-left: calc(-0px \/ 2 );margin-right: calc(-0px \/ 2 );\"><div class=\"fusion-layout-column fusion_builder_column fusion-builder-column-1 fusion_builder_column_1_1 1_1 fusion-flex-column\" style=\"--awb-bg-blend:overlay;--awb-bg-size:cover;--awb-width-large:100%;--awb-margin-top-large:0px;--awb-spacing-right-large:0px;--awb-margin-bottom-large:20px;--awb-spacing-left-large:0px;--awb-width-medium:100%;--awb-spacing-right-medium:0px;--awb-spacing-left-medium:0px;--awb-width-small:100%;--awb-spacing-right-small:0px;--awb-spacing-left-small:0px;\"><div class=\"fusion-column-wrapper fusion-column-has-shadow fusion-flex-justify-content-flex-start fusion-content-layout-column\"><div class=\"fusion-text fusion-text-2\"><p>Un buen juego que explora la mejora continua y el flujo de trabajo lean.<\/p>\n<p><strong>Objetivos de aprendizaje<\/strong>: flujo de trabajo lean, mapeo del flujo de valor<\/p>\n<p><strong>Tiempo de juego<\/strong>: 60 minutos<\/p>\n<p><strong>Presencial o virtual<\/strong>: ambos<\/p>\n<p><strong>N\u00famero de jugadores<\/strong>: m\u00e1s de 4 jugadores<\/p>\n<p><strong>Recursos necesarios<\/strong>: papel reciclado o de desecho<\/p>\n<p><strong>C\u00f3mo funciona el juego<\/strong>: el objetivo del juego de los aviones de papel es plegar tantos aviones como sea posible en un tiempo determinado, pero solo una persona puede realizar un pliegue a la vez.<\/p>\n<h3>Paper Airplane game rules<\/h3>\n<p>The goal is to, as one team, make as many paper planes of the same design.<\/p>\n<p>The rules are as follows<\/p>\n<ul>\n<li aria-level=\"1\">There are 3 minutes per iteration and 5 iterations<\/li>\n<li aria-level=\"1\">In between, there is a 1-minute retrospective<\/li>\n<li aria-level=\"1\">The airplanes folded must be of the same design and quality.<\/li>\n<li aria-level=\"1\">Only one person can fold at any one time. Others can do other things as needed for their design.<\/li>\n<\/ul>\n<p>Gather the team and provide the goals and instructions.<\/p>\n<p>Ask them to agree on the design of the airplane. It can be a simple design with a few drawings that can fly one meter. This includes an element of design, production, and quality testing.<\/p>\n<p>Start the process and time the activity. Let them play it out and then record the number of airplanes that have met the quality requirements. Record the number of airplanes created.<\/p>\n<p>Now time the retrospective, allowing people to change how they work in the next round. They can provide a new estimate if they wish.<\/p>\n<p>Repeat the above process for as many iterations as possible, recording the number each time.<\/p>\n<p>Once all iterations are completed, run a debrief. You can ask questions such as<\/p>\n<ul>\n<li aria-level=\"1\">Where did you notice you were waiting (waste)?<\/li>\n<li aria-level=\"1\">How often was everyone engaged?<\/li>\n<li aria-level=\"1\">What changes were made, and how did they affect the production process?<\/li>\n<li aria-level=\"1\">What design aspects could make the flow slower or faster?<\/li>\n<li aria-level=\"1\">How would this game differ if it was played virtually versus in person?<\/li>\n<li aria-level=\"1\">How did quality controls play a part in this process?<\/li>\n<li aria-level=\"1\">Did you experience the concept of flow?<\/li>\n<li aria-level=\"1\">Which iteration stood out?<\/li>\n<li aria-level=\"1\">How did you feel like working as a team?<\/li>\n<li aria-level=\"1\">Did leadership change during the iterations?<\/li>\n<li aria-level=\"1\">What did you learn from playing this game?<\/li>\n<\/ul>\n<h3>Variations to the Paper Airplane game<\/h3>\n<p>You can vary to this challenge by<\/p>\n<ul>\n<li aria-level=\"1\">Timing how long it would take the team to create a set number of planes.<\/li>\n<li aria-level=\"1\">Increasing or decreasing the complexity of the design of the airplane.<\/li>\n<li aria-level=\"1\">Introducir el control de calidad a mitad del juego, en lugar de al final.<\/li>\n<li aria-level=\"1\">Increase the difficulty, e.g., the airplane must fly at least 2 meters to count.<\/li>\n<\/ul>\n<\/div><\/div><\/div><\/div><\/div><div class=\"fusion-fullwidth fullwidth-box fusion-builder-row-3 fusion-flex-container has-pattern-background has-mask-background fusion-parallax-none nonhundred-percent-fullwidth non-hundred-percent-height-scrolling lazyload get-started\" style=\"--awb-border-radius-top-left:0px;--awb-border-radius-top-right:0px;--awb-border-radius-bottom-right:0px;--awb-border-radius-bottom-left:0px;--awb-padding-top:8.75rem;--awb-padding-bottom:7.5rem;--awb-margin-top:0px;--awb-margin-bottom:0px;--awb-background-image:linear-gradient(180deg, #2d8fd0 0%,#4ab8ed 100%);;--awb-background-size:cover;--awb-flex-wrap:wrap;\" data-bg=\"https:\/\/www.teamretro.com\/wp-content\/uploads\/2018\/06\/TopBackground2-1.svg\" data-bg-gradient=\"linear-gradient(180deg, #2d8fd0 0%,#4ab8ed 100%)\" ><div class=\"fusion-builder-row fusion-row fusion-flex-align-items-flex-start fusion-flex-content-wrap\" style=\"max-width:calc( 1200px + 0px );margin-left: calc(-0px \/ 2 );margin-right: calc(-0px \/ 2 );\"><div class=\"fusion-layout-column fusion_builder_column fusion-builder-column-2 fusion_builder_column_1_1 1_1 fusion-flex-column\" style=\"--awb-bg-blend:overlay;--awb-bg-size:cover;--awb-width-large:100%;--awb-margin-top-large:0px;--awb-spacing-right-large:0px;--awb-margin-bottom-large:0px;--awb-spacing-left-large:0px;--awb-width-medium:100%;--awb-spacing-right-medium:0px;--awb-spacing-left-medium:0px;--awb-width-small:100%;--awb-spacing-right-small:0px;--awb-spacing-left-small:0px;\"><div class=\"fusion-column-wrapper fusion-flex-justify-content-flex-start fusion-content-layout-column\"><style>.get-started h2 {\n  color: white;\n}\n.get-started p {\n  color: white;\n  opacity: 0.75;\n}\n.imgClientContainer{\n display:flex;\n  position:relative;\n justify-content:center;\n gap:20;\n}\n.imgClientContainer img{\n max-height:48px;\n max-width:48px;\n  width:48px;\n  height:48px;\n  margin-left:-18px;\n  border:4px solid #369BD9;\n  border-radius:50%;\n}\n@media (max-width:620px){\n  .CTA-header{\n   font-size:30px;\n  }\n}\n<\/style><div class=\"fusion-text fusion-text-3\"><p><span style=\"display: flex; justify-content: center; gap: 5px;\"><img decoding=\"async\" class=\"lazyload size-full wp-image-40984\" src=\"data:image\/svg+xml,%3Csvg%20xmlns%3D%27http%3A%2F%2Fwww.w3.org%2F2000%2Fsvg%27%20width%3D%2724%27%20height%3D%2724%27%20viewBox%3D%270%200%2024%2024%27%3E%3Crect%20width%3D%2724%27%20height%3D%2724%27%20fill-opacity%3D%220%22%2F%3E%3C%2Fsvg%3E\" data-orig-src=\"https:\/\/www.teamretro.com\/wp-content\/uploads\/2025\/06\/star-icon.png\" alt=\"\" width=\"24\" height=\"24\">4,8 en<img decoding=\"async\" class=\"lazyload size-full wp-image-40980\" src=\"data:image\/svg+xml,%3Csvg%20xmlns%3D%27http%3A%2F%2Fwww.w3.org%2F2000%2Fsvg%27%20width%3D%2724%27%20height%3D%2724%27%20viewBox%3D%270%200%2024%2024%27%3E%3Crect%20width%3D%2724%27%20height%3D%2724%27%20fill-opacity%3D%220%22%2F%3E%3C%2Fsvg%3E\" data-orig-src=\"https:\/\/www.teamretro.com\/wp-content\/uploads\/2025\/06\/capterra-icon.png\" alt=\"\" width=\"24\" height=\"24\"> <a style=\"color: white; text-decoration: underline;\" href=\"https:\/\/www.capterra.com\/p\/193264\/TeamRetro\/reviews\/\" target=\"_blank\" rel=\"noopener\">Capterra<\/a><\/span><\/p>\n<\/div><div class=\"imgClientContainer\">\n<img class=\"lazyload\" decoding=\"async\" src=\"data:image\/svg+xml,%3Csvg%20xmlns%3D%27http%3A%2F%2Fwww.w3.org%2F2000%2Fsvg%27%20width%3D%27192%27%20height%3D%27192%27%20viewBox%3D%270%200%20192%20192%27%3E%3Crect%20width%3D%27192%27%20height%3D%27192%27%20fill-opacity%3D%220%22%2F%3E%3C%2Fsvg%3E\" data-orig-src=\"https:\/\/www.teamretro.com\/wp-content\/uploads\/2025\/06\/tr-client4.png\">\n<img class=\"lazyload\" decoding=\"async\" src=\"data:image\/svg+xml,%3Csvg%20xmlns%3D%27http%3A%2F%2Fwww.w3.org%2F2000%2Fsvg%27%20width%3D%27192%27%20height%3D%27192%27%20viewBox%3D%270%200%20192%20192%27%3E%3Crect%20width%3D%27192%27%20height%3D%27192%27%20fill-opacity%3D%220%22%2F%3E%3C%2Fsvg%3E\" data-orig-src=\"https:\/\/www.teamretro.com\/wp-content\/uploads\/2025\/06\/tr-client3.png\">\n<img class=\"lazyload\" decoding=\"async\" src=\"data:image\/svg+xml,%3Csvg%20xmlns%3D%27http%3A%2F%2Fwww.w3.org%2F2000%2Fsvg%27%20width%3D%27192%27%20height%3D%27192%27%20viewBox%3D%270%200%20192%20192%27%3E%3Crect%20width%3D%27192%27%20height%3D%27192%27%20fill-opacity%3D%220%22%2F%3E%3C%2Fsvg%3E\" data-orig-src=\"https:\/\/www.teamretro.com\/wp-content\/uploads\/2025\/06\/tr-client2.png\">\n<img class=\"lazyload\" decoding=\"async\" src=\"data:image\/svg+xml,%3Csvg%20xmlns%3D%27http%3A%2F%2Fwww.w3.org%2F2000%2Fsvg%27%20width%3D%27192%27%20height%3D%27192%27%20viewBox%3D%270%200%20192%20192%27%3E%3Crect%20width%3D%27192%27%20height%3D%27192%27%20fill-opacity%3D%220%22%2F%3E%3C%2Fsvg%3E\" data-orig-src=\"https:\/\/www.teamretro.com\/wp-content\/uploads\/2025\/06\/vaclav-nidrle.png\">\n<img class=\"lazyload\" decoding=\"async\" src=\"data:image\/svg+xml,%3Csvg%20xmlns%3D%27http%3A%2F%2Fwww.w3.org%2F2000%2Fsvg%27%20width%3D%27192%27%20height%3D%27192%27%20viewBox%3D%270%200%20192%20192%27%3E%3Crect%20width%3D%27192%27%20height%3D%27192%27%20fill-opacity%3D%220%22%2F%3E%3C%2Fsvg%3E\" data-orig-src=\"https:\/\/www.teamretro.com\/wp-content\/uploads\/2025\/06\/tr-client1.png\">\n<\/div><div class=\"fusion-text fusion-text-4\" style=\"--awb-content-alignment:center;--awb-margin-top:16px;\"><p>Avalado por m\u00e1s de 26.000 equipos \u00e1giles y sumando<\/p>\n<\/div><div class=\"fusion-text fusion-text-5\" style=\"--awb-font-size:40px;--awb-line-height:42px;--awb-letter-spacing:0.5px;--awb-text-font-family:&quot;Roboto&quot;;--awb-text-font-style:normal;--awb-text-font-weight:400;\"><p style=\"text-align: center; color: white;\">Pru\u00e9belo gratis durante 30 d\u00edas, sin tarjeta de cr\u00e9dito<\/p>\n<\/div><div class=\"fusion-separator fusion-full-width-sep\" style=\"align-self: center;margin-left: auto;margin-right: auto;margin-top:20px;width:100%;\"><\/div><style type=\"text\/css\">.sign-up-section {\n    text-align: center;\n  }\n\n  .sign-up-form {\n    display: inline-flex;\n    flex-direction: row;\n    text-align: center;\n    align-items: stretch;\n    justify-content: stretch;\n    margin: 0;\n  }\n\n  @media only screen and (max-width: 767px) {\n    .sign-up-form {\n      display: flex;\n      flex-direction: column;\n    }\n  }\n\n  .sign-up-form__input[type=\"email\"] {\n    align-self: stretch;\n    background: #fff;\n    border: 0;\n    border-radius: 30px 0 0 30px;\n    box-sizing: border-box;\n    margin: 0;\n    font-size: 1rem;\n    padding: 18px;\n    line-height: 1em;\n    height: auto;\n    min-width: 300px;\n  }\n  .sign-up__demo-button,\n  .sign-up__submit-button {\n    cursor: pointer;\n    align-self: stretch;\n    background: #52b5d0;\n    border: 0;\n    border-radius: 0 30px 30px 0;\n    margin: 0;\n    box-sizing: border-box;\n    font-size: 1rem;\n    font-weight: 400;\n    color: #fff;\n    padding: 18px;\n    line-height: 1em;\n    white-space: nowrap;\n    transition: none;\n  }\n  .sign-up__demo-button:hover,\n  .sign-up__submit-button:hover {\n    color: white;\n    background-color: #3793bb;\n  }\n  .sign-up__demo-button:active,\n  .sign-up__submit-button:active {\n    color: white;\n    background-color: #4aa3bc;\n  }\n\n  @media only screen and (max-width: 767px) {\n    .sign-up-form__input[type=\"email\"] {\n      border-radius: 30px 30px 0 0;\n      text-align: center;\n    }\n    .sign-up__submit-button {\n      border-radius: 0 0 30px 30px;\n      text-align: center;\n    }\n  }\n\n  .sign-up__demo-button {\n    border-radius: 30px;\n    text-align: center;\n  }\n\n  .sign-up__or {\n    color: white;\n    align-self: center;\n    margin: 8px;\n  }\n<\/style><section class=\"sign-up-section\"><form class=\"sign-up-form\"><input\n      class=\"sign-up-form__input\"\n      name=\"emailAddress\"\n      type=\"email\"\n      maxlength=\"254\"\n      placeholder=\"Your work email\"\n    \/><button class=\"sign-up__submit-button\" type=\"submit\"><strong>GET STARTED FREE<\/strong><\/button><\/form><\/section><div class=\"fusion-separator fusion-full-width-sep\" style=\"align-self: center;margin-left: auto;margin-right: auto;margin-top:20px;width:100%;\"><\/div><div class=\"fusion-text fusion-text-6\"><p style=\"text-align: center;\">\u00bfA\u00fan tiene preguntas?  <a href=\"https:\/\/calendly.com\/groupmap\/teamretro-demo\"><strong style=\"color: white; text-decoration: underline;\">PROGRAMAR UNA DEMOSTRACI\u00d3N<\/strong><\/a><\/p>\n<\/div><script>document.addEventListener(\"DOMContentLoaded\", () => {\n    document.querySelector(\".sign-up-form\").addEventListener(\"submit\", (event) => {\n      event.preventDefault();\n      const input = event.target.querySelector(\".sign-up-form__input\");\n      window.location.href =\n        \"https:\/\/secure.teamretro.com\/login\/new?emailAddress=\" +\n        encodeURIComponent(input.value);\n    });\n  });\n<\/script><\/div><\/div><\/div><\/div>\n<\/p>\n","protected":false},"excerpt":{"rendered":"","protected":false},"author":10,"featured_media":0,"parent":0,"menu_order":0,"comment_status":"closed","ping_status":"closed","template":"100-width.php","meta":{"_acf_changed":false,"inline_featured_image":false,"footnotes":""},"class_list":["post-55745","page","type-page","status-publish","hentry"],"acf":[],"yoast_head":"<!-- This site is optimized with the Yoast SEO plugin v27.5 - https:\/\/yoast.com\/product\/yoast-seo-wordpress\/ -->\n<title>Paper Airplane Game | TeamRetro<\/title>\n<meta name=\"description\" content=\"Descubra el juego de los aviones de papel para ense\u00f1ar el flujo de trabajo lean y las retrospectivas en equipos \u00e1giles en sesiones de 60 minutos.\" \/>\n<meta name=\"robots\" content=\"index, follow, max-snippet:-1, max-image-preview:large, max-video-preview:-1\" \/>\n<link rel=\"canonical\" href=\"https:\/\/www.teamretro.com\/es\/paper-airplane-game\/\" \/>\n<meta property=\"og:locale\" content=\"es_ES\" \/>\n<meta property=\"og:type\" content=\"article\" \/>\n<meta property=\"og:title\" content=\"Paper Airplane Game | TeamRetro\" \/>\n<meta property=\"og:description\" content=\"Descubra el juego de los aviones de papel para ense\u00f1ar el flujo de trabajo lean y las retrospectivas en equipos \u00e1giles en sesiones de 60 minutos.\" \/>\n<meta property=\"og:url\" content=\"https:\/\/www.teamretro.com\/es\/paper-airplane-game\/\" \/>\n<meta property=\"og:site_name\" content=\"TeamRetro\" \/>\n<meta property=\"article:publisher\" content=\"https:\/\/www.facebook.com\/teamretrohq\" \/>\n<meta name=\"twitter:card\" content=\"summary_large_image\" \/>\n<meta name=\"twitter:site\" content=\"@TeamRetroHQ\" \/>\n<meta name=\"twitter:label1\" content=\"Tiempo de lectura\" \/>\n\t<meta name=\"twitter:data1\" content=\"4 minutos\" \/>\n<script type=\"application\/ld+json\" class=\"yoast-schema-graph\">{\"@context\":\"https:\\\/\\\/schema.org\",\"@graph\":[{\"@type\":\"WebPage\",\"@id\":\"https:\\\/\\\/www.teamretro.com\\\/es\\\/paper-airplane-game\\\/\",\"url\":\"https:\\\/\\\/www.teamretro.com\\\/es\\\/paper-airplane-game\\\/\",\"name\":\"Paper Airplane Game | TeamRetro\",\"isPartOf\":{\"@id\":\"https:\\\/\\\/www.teamretro.com\\\/es\\\/#website\"},\"datePublished\":\"2026-04-30T09:28:48+00:00\",\"description\":\"Descubra el juego de los aviones de papel para ense\u00f1ar el flujo de trabajo lean y las retrospectivas en equipos \u00e1giles en sesiones de 60 minutos.\",\"breadcrumb\":{\"@id\":\"https:\\\/\\\/www.teamretro.com\\\/es\\\/paper-airplane-game\\\/#breadcrumb\"},\"inLanguage\":\"es\",\"potentialAction\":[{\"@type\":\"ReadAction\",\"target\":[\"https:\\\/\\\/www.teamretro.com\\\/es\\\/paper-airplane-game\\\/\"]}]},{\"@type\":\"BreadcrumbList\",\"@id\":\"https:\\\/\\\/www.teamretro.com\\\/es\\\/paper-airplane-game\\\/#breadcrumb\",\"itemListElement\":[{\"@type\":\"ListItem\",\"position\":1,\"name\":\"Home\",\"item\":\"https:\\\/\\\/www.teamretro.com\\\/es\\\/\"},{\"@type\":\"ListItem\",\"position\":2,\"name\":\"Paper Airplane Game\"}]},{\"@type\":\"WebSite\",\"@id\":\"https:\\\/\\\/www.teamretro.com\\\/es\\\/#website\",\"url\":\"https:\\\/\\\/www.teamretro.com\\\/es\\\/\",\"name\":\"TeamRetro\",\"description\":\"Agile retrospective, health check and estimation tool for distributed teams\",\"publisher\":{\"@id\":\"https:\\\/\\\/www.teamretro.com\\\/es\\\/#organization\"},\"potentialAction\":[{\"@type\":\"SearchAction\",\"target\":{\"@type\":\"EntryPoint\",\"urlTemplate\":\"https:\\\/\\\/www.teamretro.com\\\/es\\\/?s={search_term_string}\"},\"query-input\":{\"@type\":\"PropertyValueSpecification\",\"valueRequired\":true,\"valueName\":\"search_term_string\"}}],\"inLanguage\":\"es\"},{\"@type\":\"Organization\",\"@id\":\"https:\\\/\\\/www.teamretro.com\\\/es\\\/#organization\",\"name\":\"TeamRetro\",\"url\":\"https:\\\/\\\/www.teamretro.com\\\/es\\\/\",\"logo\":{\"@type\":\"ImageObject\",\"inLanguage\":\"es\",\"@id\":\"https:\\\/\\\/www.teamretro.com\\\/es\\\/#\\\/schema\\\/logo\\\/image\\\/\",\"url\":\"https:\\\/\\\/www.teamretro.com\\\/wp-content\\\/uploads\\\/2018\\\/06\\\/footer-teamretro-logo.png\",\"contentUrl\":\"https:\\\/\\\/www.teamretro.com\\\/wp-content\\\/uploads\\\/2018\\\/06\\\/footer-teamretro-logo.png\",\"width\":170,\"height\":200,\"caption\":\"TeamRetro\"},\"image\":{\"@id\":\"https:\\\/\\\/www.teamretro.com\\\/es\\\/#\\\/schema\\\/logo\\\/image\\\/\"},\"sameAs\":[\"https:\\\/\\\/www.facebook.com\\\/teamretrohq\",\"https:\\\/\\\/x.com\\\/TeamRetroHQ\",\"https:\\\/\\\/www.linkedin.com\\\/company\\\/teamretro\",\"https:\\\/\\\/www.youtube.com\\\/channel\\\/UCXj_X9Riv6SEb6GtxNYpFbQ\\\/videos?view_as=subscriber\"]}]}<\/script>\n<!-- \/ Yoast SEO plugin. -->","yoast_head_json":{"title":"Paper Airplane Game | TeamRetro","description":"Descubra el juego de los aviones de papel para ense\u00f1ar el flujo de trabajo lean y las retrospectivas en equipos \u00e1giles en sesiones de 60 minutos.","robots":{"index":"index","follow":"follow","max-snippet":"max-snippet:-1","max-image-preview":"max-image-preview:large","max-video-preview":"max-video-preview:-1"},"canonical":"https:\/\/www.teamretro.com\/es\/paper-airplane-game\/","og_locale":"es_ES","og_type":"article","og_title":"Paper Airplane Game | TeamRetro","og_description":"Descubra el juego de los aviones de papel para ense\u00f1ar el flujo de trabajo lean y las retrospectivas en equipos \u00e1giles en sesiones de 60 minutos.","og_url":"https:\/\/www.teamretro.com\/es\/paper-airplane-game\/","og_site_name":"TeamRetro","article_publisher":"https:\/\/www.facebook.com\/teamretrohq","twitter_card":"summary_large_image","twitter_site":"@TeamRetroHQ","twitter_misc":{"Tiempo de lectura":"4 minutos"},"schema":{"@context":"https:\/\/schema.org","@graph":[{"@type":"WebPage","@id":"https:\/\/www.teamretro.com\/es\/paper-airplane-game\/","url":"https:\/\/www.teamretro.com\/es\/paper-airplane-game\/","name":"Paper Airplane Game | TeamRetro","isPartOf":{"@id":"https:\/\/www.teamretro.com\/es\/#website"},"datePublished":"2026-04-30T09:28:48+00:00","description":"Descubra el juego de los aviones de papel para ense\u00f1ar el flujo de trabajo lean y las retrospectivas en equipos \u00e1giles en sesiones de 60 minutos.","breadcrumb":{"@id":"https:\/\/www.teamretro.com\/es\/paper-airplane-game\/#breadcrumb"},"inLanguage":"es","potentialAction":[{"@type":"ReadAction","target":["https:\/\/www.teamretro.com\/es\/paper-airplane-game\/"]}]},{"@type":"BreadcrumbList","@id":"https:\/\/www.teamretro.com\/es\/paper-airplane-game\/#breadcrumb","itemListElement":[{"@type":"ListItem","position":1,"name":"Home","item":"https:\/\/www.teamretro.com\/es\/"},{"@type":"ListItem","position":2,"name":"Paper Airplane Game"}]},{"@type":"WebSite","@id":"https:\/\/www.teamretro.com\/es\/#website","url":"https:\/\/www.teamretro.com\/es\/","name":"TeamRetro","description":"Agile retrospective, health check and estimation tool for distributed teams","publisher":{"@id":"https:\/\/www.teamretro.com\/es\/#organization"},"potentialAction":[{"@type":"SearchAction","target":{"@type":"EntryPoint","urlTemplate":"https:\/\/www.teamretro.com\/es\/?s={search_term_string}"},"query-input":{"@type":"PropertyValueSpecification","valueRequired":true,"valueName":"search_term_string"}}],"inLanguage":"es"},{"@type":"Organization","@id":"https:\/\/www.teamretro.com\/es\/#organization","name":"TeamRetro","url":"https:\/\/www.teamretro.com\/es\/","logo":{"@type":"ImageObject","inLanguage":"es","@id":"https:\/\/www.teamretro.com\/es\/#\/schema\/logo\/image\/","url":"https:\/\/www.teamretro.com\/wp-content\/uploads\/2018\/06\/footer-teamretro-logo.png","contentUrl":"https:\/\/www.teamretro.com\/wp-content\/uploads\/2018\/06\/footer-teamretro-logo.png","width":170,"height":200,"caption":"TeamRetro"},"image":{"@id":"https:\/\/www.teamretro.com\/es\/#\/schema\/logo\/image\/"},"sameAs":["https:\/\/www.facebook.com\/teamretrohq","https:\/\/x.com\/TeamRetroHQ","https:\/\/www.linkedin.com\/company\/teamretro","https:\/\/www.youtube.com\/channel\/UCXj_X9Riv6SEb6GtxNYpFbQ\/videos?view_as=subscriber"]}]}},"_links":{"self":[{"href":"https:\/\/www.teamretro.com\/es\/wp-json\/wp\/v2\/pages\/55745","targetHints":{"allow":["GET"]}}],"collection":[{"href":"https:\/\/www.teamretro.com\/es\/wp-json\/wp\/v2\/pages"}],"about":[{"href":"https:\/\/www.teamretro.com\/es\/wp-json\/wp\/v2\/types\/page"}],"author":[{"embeddable":true,"href":"https:\/\/www.teamretro.com\/es\/wp-json\/wp\/v2\/users\/10"}],"replies":[{"embeddable":true,"href":"https:\/\/www.teamretro.com\/es\/wp-json\/wp\/v2\/comments?post=55745"}],"version-history":[{"count":0,"href":"https:\/\/www.teamretro.com\/es\/wp-json\/wp\/v2\/pages\/55745\/revisions"}],"wp:attachment":[{"href":"https:\/\/www.teamretro.com\/es\/wp-json\/wp\/v2\/media?parent=55745"}],"curies":[{"name":"wp","href":"https:\/\/api.w.org\/{rel}","templated":true}]}}