{"id":55630,"date":"2026-04-30T17:25:37","date_gmt":"2026-04-30T09:25:37","guid":{"rendered":"https:\/\/www.teamretro.com\/ball-point-game\/"},"modified":"2026-04-30T17:25:37","modified_gmt":"2026-04-30T09:25:37","slug":"ball-point-game","status":"publish","type":"page","link":"https:\/\/www.teamretro.com\/de\/ball-point-game\/","title":{"rendered":"Ball Point Game"},"content":{"rendered":"<p><div class=\"fusion-fullwidth fullwidth-box fusion-builder-row-1 fusion-flex-container fusion-parallax-fixed hundred-percent-fullwidth non-hundred-percent-height-scrolling lazyload hero-container\" style=\"--awb-border-radius-top-left:0px;--awb-border-radius-top-right:0px;--awb-border-radius-bottom-right:0px;--awb-border-radius-bottom-left:0px;--awb-padding-top:150px;--awb-padding-bottom:100px;--awb-margin-top:0px;--awb-margin-bottom:0px;--awb-background-color:#59bece;--awb-background-size:cover;--awb-flex-wrap:wrap;background-attachment:fixed;\" data-bg=\"\/wp-content\/uploads\/2018\/06\/TopBackgroundTint-1.svg\" ><div class=\"fusion-builder-row fusion-row fusion-flex-align-items-flex-start fusion-flex-content-wrap\" style=\"width:calc( 100% + 0px ) !important;max-width:calc( 100% + 0px ) !important;margin-left: calc(-0px \/ 2 );margin-right: calc(-0px \/ 2 );\"><div class=\"fusion-layout-column fusion_builder_column fusion-builder-column-0 fusion_builder_column_1_1 1_1 fusion-flex-column\" style=\"--awb-bg-size:cover;--awb-width-large:100%;--awb-margin-top-large:0px;--awb-spacing-right-large:0px;--awb-margin-bottom-large:20px;--awb-spacing-left-large:0px;--awb-width-medium:100%;--awb-spacing-right-medium:0px;--awb-spacing-left-medium:0px;--awb-width-small:100%;--awb-spacing-right-small:0px;--awb-spacing-left-small:0px;\"><div class=\"fusion-column-wrapper fusion-flex-justify-content-flex-start fusion-content-layout-column\"><div class=\"fusion-text fusion-text-1\"><h1 style=\"text-align: center;\"><b>Ball Point Game<\/b><\/h1>\n<\/div><\/div><\/div><\/div><\/div><div class=\"fusion-fullwidth fullwidth-box fusion-builder-row-2 fusion-flex-container nonhundred-percent-fullwidth non-hundred-percent-height-scrolling\" style=\"--awb-border-radius-top-left:0px;--awb-border-radius-top-right:0px;--awb-border-radius-bottom-right:0px;--awb-border-radius-bottom-left:0px;--awb-padding-top:60px;--awb-padding-bottom:40px;--awb-flex-wrap:wrap;\" ><div class=\"fusion-builder-row fusion-row fusion-flex-align-items-flex-start fusion-flex-content-wrap\" style=\"max-width:calc( 1200px + 0px );margin-left: calc(-0px \/ 2 );margin-right: calc(-0px \/ 2 );\"><div class=\"fusion-layout-column fusion_builder_column fusion-builder-column-1 fusion_builder_column_1_1 1_1 fusion-flex-column\" style=\"--awb-bg-size:cover;--awb-width-large:100%;--awb-margin-top-large:0px;--awb-spacing-right-large:0px;--awb-margin-bottom-large:20px;--awb-spacing-left-large:0px;--awb-width-medium:100%;--awb-spacing-right-medium:0px;--awb-spacing-left-medium:0px;--awb-width-small:100%;--awb-spacing-right-small:0px;--awb-spacing-left-small:0px;\"><div class=\"fusion-column-wrapper fusion-column-has-shadow fusion-flex-justify-content-flex-start fusion-content-layout-column\"><div class=\"fusion-text fusion-text-2\"><p>Experimentiere und spiele in mehreren Teams, w\u00e4hrend du etwas \u00fcber kontinuierliche Verbesserung lernst. Lernziele: Agiler Produktionsprozess und iteratives Arbeiten Zeit zum Spielen: 60 Minuten Vor Ort oder virtuell: Beides Anzahl der Spieler: 4+ Spieler Ben\u00f6tigte Ressourcen: Tischtennisb\u00e4lle \u2013 mehrfarbige k\u00f6nnen Spa\u00df machen. So funktioniert das Spiel: Das Ziel von Ball Point ist es, dem Scrum-Team zu helfen, agile Projekte besser zu navigieren. Durch das Verst\u00e4ndnis des agilen Produktionsprozesses kann das Team die Bedeutung von Selbstorganisation, Flow und iterativem Arbeiten sch\u00e4tzen lernen. Regeln des Agilen Ballspiels Das Ziel ist es, als ein Team so viele B\u00e4lle wie m\u00f6glich in 3 Sprints durch das System zu bekommen. Die Regeln lauten wie folgt<\/p>\n<ul>\n<li aria-level=\"1\">Es gibt 3 Minuten pro Iteration und 5 Iterationen<\/li>\n<li aria-level=\"1\">Dazwischen gibt es eine 1-min\u00fctige Retrospektive<\/li>\n<li aria-level=\"1\">Der Ball muss bei derselben Person starten und enden<\/li>\n<li aria-level=\"1\">Der Ball muss durch alle im Team gegangen sein<\/li>\n<li aria-level=\"1\">Der Ball muss Flugzeit haben<\/li>\n<li aria-level=\"1\">Er darf nicht an die Person neben einem weitergegeben werden.<\/li>\n<li aria-level=\"1\">Wenn der Ball fallen gelassen wird, z\u00e4hlt er nicht.<\/li>\n<\/ul>\n<p>Versammle das Team und gib die Ziele und Anweisungen bekannt. Bitte sie zu sch\u00e4tzen, wie viele B\u00e4lle sie durch jede Iteration bekommen werden. Du kannst eine Sch\u00e4tzung zu Beginn des Zyklus und eine weitere kurze Sch\u00e4tzung zwischen jeder Iteration durchf\u00fchren. Starte den Prozess und stoppe die Zeit f\u00fcr die Aktivit\u00e4t. Lass sie spielen und erfasse dann die Anzahl der \u00fcbertragenen B\u00e4lle. Notiere die Punktzahl und stoppe dann die Zeit f\u00fcr ihre Retrospektive, sodass sie \u00e4ndern k\u00f6nnen, wie gespielt wird. Sie k\u00f6nnen dann neue Strategien sowie neue Sch\u00e4tzungen entwickeln. Wiederhole den obigen Prozess f\u00fcr so viele Iterationen wie m\u00f6glich und notiere jedes Mal die Punktzahl. Sobald alle Iterationen abgeschlossen sind, f\u00fchre ein Debriefing durch. Du kannst Fragen stellen wie<\/p>\n<ul>\n<li aria-level=\"1\">Wie war deine Erfahrung im Spiel?<\/li>\n<li aria-level=\"1\">Wie unterschieden sich die Iterationen?<\/li>\n<li aria-level=\"1\">Welche \u00c4nderungen habt ihr vorgenommen und welche Auswirkungen hatten sie?<\/li>\n<li aria-level=\"1\">How important were the retrospectives? What would have happened if there was none, more or less time to reflect? <\/li>\n<li aria-level=\"1\">Wie unterschiedlich war die letzte Iteration von der ersten?<\/li>\n<li aria-level=\"1\">Hast du das Konzept des Flows erlebt?<\/li>\n<li aria-level=\"1\">Welche Iteration ist dir besonders aufgefallen?<\/li>\n<li aria-level=\"1\">Wie hast du dich gef\u00fchlt, als Team zu arbeiten?<\/li>\n<li aria-level=\"1\">Hat sich die F\u00fchrung w\u00e4hrend der Iterationen ver\u00e4ndert?<\/li>\n<li aria-level=\"1\">Was hast du durch das Spielen dieses Spiels gelernt?<\/li>\n<\/ul>\n<p>Variationen des Agilen Ball Point Games Du kannst diese Herausforderung erweitern, indem du<\/p>\n<ul>\n<li aria-level=\"1\">Gro\u00dfe Gruppen in kleinere aufteilst und Zonen erstellst, in denen Personen stehen k\u00f6nnen.<\/li>\n<li aria-level=\"1\">Regeln einf\u00fchrst, welche farbigen oder nummerierten B\u00e4lle zuerst gehen m\u00fcssen<\/li>\n<li aria-level=\"1\">Ein wenig Chaos schaffst, indem du einen Aufruf machst, dass Personen ihre Positionen wechseln m\u00fcssen<\/li>\n<\/ul>\n<\/div><\/div><\/div><\/div><\/div><div class=\"fusion-fullwidth fullwidth-box fusion-builder-row-3 fusion-flex-container has-pattern-background has-mask-background fusion-parallax-none nonhundred-percent-fullwidth non-hundred-percent-height-scrolling lazyload get-started\" style=\"--awb-border-radius-top-left:0px;--awb-border-radius-top-right:0px;--awb-border-radius-bottom-right:0px;--awb-border-radius-bottom-left:0px;--awb-padding-top:8.75rem;--awb-padding-bottom:7.5rem;--awb-margin-top:0px;--awb-margin-bottom:0px;--awb-background-image:linear-gradient(180deg, #2d8fd0 0%,#4ab8ed 100%);;--awb-background-size:cover;--awb-flex-wrap:wrap;\" data-bg=\"https:\/\/www.teamretro.com\/wp-content\/uploads\/2018\/06\/TopBackground2-1.svg\" data-bg-gradient=\"linear-gradient(180deg, #2d8fd0 0%,#4ab8ed 100%)\" ><div class=\"fusion-builder-row fusion-row fusion-flex-align-items-flex-start fusion-flex-content-wrap\" style=\"max-width:calc( 1200px + 0px );margin-left: calc(-0px \/ 2 );margin-right: calc(-0px \/ 2 );\"><div class=\"fusion-layout-column fusion_builder_column fusion-builder-column-2 fusion_builder_column_1_1 1_1 fusion-flex-column\" style=\"--awb-bg-blend:overlay;--awb-bg-size:cover;--awb-width-large:100%;--awb-margin-top-large:0px;--awb-spacing-right-large:0px;--awb-margin-bottom-large:0px;--awb-spacing-left-large:0px;--awb-width-medium:100%;--awb-spacing-right-medium:0px;--awb-spacing-left-medium:0px;--awb-width-small:100%;--awb-spacing-right-small:0px;--awb-spacing-left-small:0px;\"><div class=\"fusion-column-wrapper fusion-flex-justify-content-flex-start fusion-content-layout-column\"><style>.get-started h2 {\n  color: white;\n}\n.get-started p {\n  color: white;\n  opacity: 0.75;\n}\n.imgClientContainer{\n display:flex;\n  position:relative;\n justify-content:center;\n gap:20;\n}\n.imgClientContainer img{\n max-height:48px;\n max-width:48px;\n  width:48px;\n  height:48px;\n  margin-left:-18px;\n  border:4px solid #369BD9;\n  border-radius:50%;\n}\n@media (max-width:620px){\n  .CTA-header{\n   font-size:30px;\n  }\n}\n<\/style><div class=\"fusion-text fusion-text-3\"><p><span style=\"display: flex; justify-content: center; gap: 5px;\"><img decoding=\"async\" class=\"lazyload size-full wp-image-40984\" src=\"data:image\/svg+xml,%3Csvg%20xmlns%3D%27http%3A%2F%2Fwww.w3.org%2F2000%2Fsvg%27%20width%3D%2724%27%20height%3D%2724%27%20viewBox%3D%270%200%2024%2024%27%3E%3Crect%20width%3D%2724%27%20height%3D%2724%27%20fill-opacity%3D%220%22%2F%3E%3C%2Fsvg%3E\" data-orig-src=\"https:\/\/www.teamretro.com\/wp-content\/uploads\/2025\/06\/star-icon.png\" alt=\"\" width=\"24\" height=\"24\">4,8 auf<img decoding=\"async\" class=\"lazyload size-full wp-image-40980\" src=\"data:image\/svg+xml,%3Csvg%20xmlns%3D%27http%3A%2F%2Fwww.w3.org%2F2000%2Fsvg%27%20width%3D%2724%27%20height%3D%2724%27%20viewBox%3D%270%200%2024%2024%27%3E%3Crect%20width%3D%2724%27%20height%3D%2724%27%20fill-opacity%3D%220%22%2F%3E%3C%2Fsvg%3E\" data-orig-src=\"https:\/\/www.teamretro.com\/wp-content\/uploads\/2025\/06\/capterra-icon.png\" alt=\"\" width=\"24\" height=\"24\"> <a style=\"color: white; text-decoration: underline;\" href=\"https:\/\/www.capterra.com\/p\/193264\/TeamRetro\/reviews\/\" target=\"_blank\" rel=\"noopener\">Capterra<\/a><\/span><\/p>\n<\/div><div class=\"imgClientContainer\">\n<img class=\"lazyload\" decoding=\"async\" src=\"data:image\/svg+xml,%3Csvg%20xmlns%3D%27http%3A%2F%2Fwww.w3.org%2F2000%2Fsvg%27%20width%3D%27192%27%20height%3D%27192%27%20viewBox%3D%270%200%20192%20192%27%3E%3Crect%20width%3D%27192%27%20height%3D%27192%27%20fill-opacity%3D%220%22%2F%3E%3C%2Fsvg%3E\" data-orig-src=\"https:\/\/www.teamretro.com\/wp-content\/uploads\/2025\/06\/tr-client4.png\">\n<img class=\"lazyload\" decoding=\"async\" src=\"data:image\/svg+xml,%3Csvg%20xmlns%3D%27http%3A%2F%2Fwww.w3.org%2F2000%2Fsvg%27%20width%3D%27192%27%20height%3D%27192%27%20viewBox%3D%270%200%20192%20192%27%3E%3Crect%20width%3D%27192%27%20height%3D%27192%27%20fill-opacity%3D%220%22%2F%3E%3C%2Fsvg%3E\" data-orig-src=\"https:\/\/www.teamretro.com\/wp-content\/uploads\/2025\/06\/tr-client3.png\">\n<img class=\"lazyload\" decoding=\"async\" src=\"data:image\/svg+xml,%3Csvg%20xmlns%3D%27http%3A%2F%2Fwww.w3.org%2F2000%2Fsvg%27%20width%3D%27192%27%20height%3D%27192%27%20viewBox%3D%270%200%20192%20192%27%3E%3Crect%20width%3D%27192%27%20height%3D%27192%27%20fill-opacity%3D%220%22%2F%3E%3C%2Fsvg%3E\" data-orig-src=\"https:\/\/www.teamretro.com\/wp-content\/uploads\/2025\/06\/tr-client2.png\">\n<img class=\"lazyload\" decoding=\"async\" src=\"data:image\/svg+xml,%3Csvg%20xmlns%3D%27http%3A%2F%2Fwww.w3.org%2F2000%2Fsvg%27%20width%3D%27192%27%20height%3D%27192%27%20viewBox%3D%270%200%20192%20192%27%3E%3Crect%20width%3D%27192%27%20height%3D%27192%27%20fill-opacity%3D%220%22%2F%3E%3C%2Fsvg%3E\" data-orig-src=\"https:\/\/www.teamretro.com\/wp-content\/uploads\/2025\/06\/vaclav-nidrle.png\">\n<img class=\"lazyload\" decoding=\"async\" src=\"data:image\/svg+xml,%3Csvg%20xmlns%3D%27http%3A%2F%2Fwww.w3.org%2F2000%2Fsvg%27%20width%3D%27192%27%20height%3D%27192%27%20viewBox%3D%270%200%20192%20192%27%3E%3Crect%20width%3D%27192%27%20height%3D%27192%27%20fill-opacity%3D%220%22%2F%3E%3C%2Fsvg%3E\" data-orig-src=\"https:\/\/www.teamretro.com\/wp-content\/uploads\/2025\/06\/tr-client1.png\">\n<\/div><div class=\"fusion-text fusion-text-4\" style=\"--awb-content-alignment:center;--awb-margin-top:16px;\"><p>Vertrauen von \u00fcber 26.000 agilen Teams \u2013 und es werden immer mehr<\/p>\n<\/div><div class=\"fusion-text fusion-text-5\" style=\"--awb-font-size:40px;--awb-line-height:42px;--awb-letter-spacing:0.5px;--awb-text-font-family:&quot;Roboto&quot;;--awb-text-font-style:normal;--awb-text-font-weight:400;\"><p style=\"text-align: center; color: white;\">Testen Sie es 30 Tage lang kostenlos, keine Kreditkarte erforderlich<\/p>\n<\/div><div class=\"fusion-separator fusion-full-width-sep\" style=\"align-self: center;margin-left: auto;margin-right: auto;margin-top:20px;width:100%;\"><\/div><style type=\"text\/css\">.sign-up-section {\n    text-align: center;\n  }\n\n  .sign-up-form {\n    display: inline-flex;\n    flex-direction: row;\n    text-align: center;\n    align-items: stretch;\n    justify-content: stretch;\n    margin: 0;\n  }\n\n  @media only screen and (max-width: 767px) {\n    .sign-up-form {\n      display: flex;\n      flex-direction: column;\n    }\n  }\n\n  .sign-up-form__input[type=\"email\"] {\n    align-self: stretch;\n    background: #fff;\n    border: 0;\n    border-radius: 30px 0 0 30px;\n    box-sizing: border-box;\n    margin: 0;\n    font-size: 1rem;\n    padding: 18px;\n    line-height: 1em;\n    height: auto;\n    min-width: 300px;\n  }\n  .sign-up__demo-button,\n  .sign-up__submit-button {\n    cursor: pointer;\n    align-self: stretch;\n    background: #52b5d0;\n    border: 0;\n    border-radius: 0 30px 30px 0;\n    margin: 0;\n    box-sizing: border-box;\n    font-size: 1rem;\n    font-weight: 400;\n    color: #fff;\n    padding: 18px;\n    line-height: 1em;\n    white-space: nowrap;\n    transition: none;\n  }\n  .sign-up__demo-button:hover,\n  .sign-up__submit-button:hover {\n    color: white;\n    background-color: #3793bb;\n  }\n  .sign-up__demo-button:active,\n  .sign-up__submit-button:active {\n    color: white;\n    background-color: #4aa3bc;\n  }\n\n  @media only screen and (max-width: 767px) {\n    .sign-up-form__input[type=\"email\"] {\n      border-radius: 30px 30px 0 0;\n      text-align: center;\n    }\n    .sign-up__submit-button {\n      border-radius: 0 0 30px 30px;\n      text-align: center;\n    }\n  }\n\n  .sign-up__demo-button {\n    border-radius: 30px;\n    text-align: center;\n  }\n\n  .sign-up__or {\n    color: white;\n    align-self: center;\n    margin: 8px;\n  }\n<\/style><section class=\"sign-up-section\"><form class=\"sign-up-form\"><input\n      class=\"sign-up-form__input\"\n      name=\"emailAddress\"\n      type=\"email\"\n      maxlength=\"254\"\n      placeholder=\"Your work email\"\n    \/><button class=\"sign-up__submit-button\" type=\"submit\"><strong>GET STARTED FREE<\/strong><\/button><\/form><\/section><div class=\"fusion-separator fusion-full-width-sep\" style=\"align-self: center;margin-left: auto;margin-right: auto;margin-top:20px;width:100%;\"><\/div><div class=\"fusion-text fusion-text-6\"><p style=\"text-align: center;\">Haben Sie noch Fragen?  <a href=\"https:\/\/calendly.com\/groupmap\/teamretro-demo\"><strong style=\"color: white; text-decoration: underline;\">DEMO VEREINBAREN<\/strong><\/a><\/p>\n<\/div><script>document.addEventListener(\"DOMContentLoaded\", () => {\n    document.querySelector(\".sign-up-form\").addEventListener(\"submit\", (event) => {\n      event.preventDefault();\n      const input = event.target.querySelector(\".sign-up-form__input\");\n      window.location.href =\n        \"https:\/\/secure.teamretro.com\/login\/new?emailAddress=\" +\n        encodeURIComponent(input.value);\n    });\n  });\n<\/script><\/div><\/div><\/div><\/div>\n<\/p>\n","protected":false},"excerpt":{"rendered":"","protected":false},"author":2,"featured_media":0,"parent":0,"menu_order":0,"comment_status":"closed","ping_status":"closed","template":"100-width.php","meta":{"_acf_changed":false,"inline_featured_image":false,"footnotes":""},"class_list":["post-55630","page","type-page","status-publish","hentry"],"acf":[],"yoast_head":"<!-- This site is optimized with the Yoast SEO plugin v27.5 - https:\/\/yoast.com\/product\/yoast-seo-wordpress\/ -->\n<title>Ball Point Game | TeamRetro<\/title>\n<meta name=\"description\" content=\"Verbessere die Zusammenarbeit im Team mit dem Ball Point Game. F\u00f6rdere Kommunikation, Probleml\u00f6sung und Teamwork durch diese spannende und interaktive Aktivit\u00e4t.\" \/>\n<meta name=\"robots\" content=\"index, follow, max-snippet:-1, max-image-preview:large, max-video-preview:-1\" \/>\n<link rel=\"canonical\" href=\"https:\/\/www.teamretro.com\/de\/ball-point-game\/\" \/>\n<meta property=\"og:locale\" content=\"de_DE\" \/>\n<meta property=\"og:type\" content=\"article\" \/>\n<meta property=\"og:title\" content=\"Ball Point Game | TeamRetro\" \/>\n<meta property=\"og:description\" content=\"Verbessere die Zusammenarbeit im Team mit dem Ball Point Game. F\u00f6rdere Kommunikation, Probleml\u00f6sung und Teamwork durch diese spannende und interaktive Aktivit\u00e4t.\" \/>\n<meta property=\"og:url\" content=\"https:\/\/www.teamretro.com\/de\/ball-point-game\/\" \/>\n<meta property=\"og:site_name\" content=\"TeamRetro\" \/>\n<meta property=\"article:publisher\" content=\"https:\/\/www.facebook.com\/teamretrohq\" \/>\n<meta name=\"twitter:card\" content=\"summary_large_image\" \/>\n<meta name=\"twitter:site\" content=\"@TeamRetroHQ\" \/>\n<meta name=\"twitter:label1\" content=\"Gesch\u00e4tzte Lesezeit\" \/>\n\t<meta name=\"twitter:data1\" content=\"5\u00a0Minuten\" \/>\n<script type=\"application\/ld+json\" class=\"yoast-schema-graph\">{\"@context\":\"https:\\\/\\\/schema.org\",\"@graph\":[{\"@type\":\"WebPage\",\"@id\":\"https:\\\/\\\/www.teamretro.com\\\/de\\\/ball-point-game\\\/\",\"url\":\"https:\\\/\\\/www.teamretro.com\\\/de\\\/ball-point-game\\\/\",\"name\":\"Ball Point Game | TeamRetro\",\"isPartOf\":{\"@id\":\"https:\\\/\\\/www.teamretro.com\\\/de\\\/#website\"},\"datePublished\":\"2026-04-30T09:25:37+00:00\",\"description\":\"Verbessere die Zusammenarbeit im Team mit dem Ball Point Game. F\u00f6rdere Kommunikation, Probleml\u00f6sung und Teamwork durch diese spannende und interaktive Aktivit\u00e4t.\",\"breadcrumb\":{\"@id\":\"https:\\\/\\\/www.teamretro.com\\\/de\\\/ball-point-game\\\/#breadcrumb\"},\"inLanguage\":\"de\",\"potentialAction\":[{\"@type\":\"ReadAction\",\"target\":[\"https:\\\/\\\/www.teamretro.com\\\/de\\\/ball-point-game\\\/\"]}]},{\"@type\":\"BreadcrumbList\",\"@id\":\"https:\\\/\\\/www.teamretro.com\\\/de\\\/ball-point-game\\\/#breadcrumb\",\"itemListElement\":[{\"@type\":\"ListItem\",\"position\":1,\"name\":\"Home\",\"item\":\"https:\\\/\\\/www.teamretro.com\\\/de\\\/\"},{\"@type\":\"ListItem\",\"position\":2,\"name\":\"Ball Point Game\"}]},{\"@type\":\"WebSite\",\"@id\":\"https:\\\/\\\/www.teamretro.com\\\/de\\\/#website\",\"url\":\"https:\\\/\\\/www.teamretro.com\\\/de\\\/\",\"name\":\"TeamRetro\",\"description\":\"Agile retrospective, health check and estimation tool for distributed teams\",\"publisher\":{\"@id\":\"https:\\\/\\\/www.teamretro.com\\\/de\\\/#organization\"},\"potentialAction\":[{\"@type\":\"SearchAction\",\"target\":{\"@type\":\"EntryPoint\",\"urlTemplate\":\"https:\\\/\\\/www.teamretro.com\\\/de\\\/?s={search_term_string}\"},\"query-input\":{\"@type\":\"PropertyValueSpecification\",\"valueRequired\":true,\"valueName\":\"search_term_string\"}}],\"inLanguage\":\"de\"},{\"@type\":\"Organization\",\"@id\":\"https:\\\/\\\/www.teamretro.com\\\/de\\\/#organization\",\"name\":\"TeamRetro\",\"url\":\"https:\\\/\\\/www.teamretro.com\\\/de\\\/\",\"logo\":{\"@type\":\"ImageObject\",\"inLanguage\":\"de\",\"@id\":\"https:\\\/\\\/www.teamretro.com\\\/de\\\/#\\\/schema\\\/logo\\\/image\\\/\",\"url\":\"https:\\\/\\\/www.teamretro.com\\\/wp-content\\\/uploads\\\/2018\\\/06\\\/footer-teamretro-logo.png\",\"contentUrl\":\"https:\\\/\\\/www.teamretro.com\\\/wp-content\\\/uploads\\\/2018\\\/06\\\/footer-teamretro-logo.png\",\"width\":170,\"height\":200,\"caption\":\"TeamRetro\"},\"image\":{\"@id\":\"https:\\\/\\\/www.teamretro.com\\\/de\\\/#\\\/schema\\\/logo\\\/image\\\/\"},\"sameAs\":[\"https:\\\/\\\/www.facebook.com\\\/teamretrohq\",\"https:\\\/\\\/x.com\\\/TeamRetroHQ\",\"https:\\\/\\\/www.linkedin.com\\\/company\\\/teamretro\",\"https:\\\/\\\/www.youtube.com\\\/channel\\\/UCXj_X9Riv6SEb6GtxNYpFbQ\\\/videos?view_as=subscriber\"]}]}<\/script>\n<!-- \/ Yoast SEO plugin. -->","yoast_head_json":{"title":"Ball Point Game | TeamRetro","description":"Verbessere die Zusammenarbeit im Team mit dem Ball Point Game. F\u00f6rdere Kommunikation, Probleml\u00f6sung und Teamwork durch diese spannende und interaktive Aktivit\u00e4t.","robots":{"index":"index","follow":"follow","max-snippet":"max-snippet:-1","max-image-preview":"max-image-preview:large","max-video-preview":"max-video-preview:-1"},"canonical":"https:\/\/www.teamretro.com\/de\/ball-point-game\/","og_locale":"de_DE","og_type":"article","og_title":"Ball Point Game | TeamRetro","og_description":"Verbessere die Zusammenarbeit im Team mit dem Ball Point Game. F\u00f6rdere Kommunikation, Probleml\u00f6sung und Teamwork durch diese spannende und interaktive Aktivit\u00e4t.","og_url":"https:\/\/www.teamretro.com\/de\/ball-point-game\/","og_site_name":"TeamRetro","article_publisher":"https:\/\/www.facebook.com\/teamretrohq","twitter_card":"summary_large_image","twitter_site":"@TeamRetroHQ","twitter_misc":{"Gesch\u00e4tzte Lesezeit":"5\u00a0Minuten"},"schema":{"@context":"https:\/\/schema.org","@graph":[{"@type":"WebPage","@id":"https:\/\/www.teamretro.com\/de\/ball-point-game\/","url":"https:\/\/www.teamretro.com\/de\/ball-point-game\/","name":"Ball Point Game | TeamRetro","isPartOf":{"@id":"https:\/\/www.teamretro.com\/de\/#website"},"datePublished":"2026-04-30T09:25:37+00:00","description":"Verbessere die Zusammenarbeit im Team mit dem Ball Point Game. F\u00f6rdere Kommunikation, Probleml\u00f6sung und Teamwork durch diese spannende und interaktive Aktivit\u00e4t.","breadcrumb":{"@id":"https:\/\/www.teamretro.com\/de\/ball-point-game\/#breadcrumb"},"inLanguage":"de","potentialAction":[{"@type":"ReadAction","target":["https:\/\/www.teamretro.com\/de\/ball-point-game\/"]}]},{"@type":"BreadcrumbList","@id":"https:\/\/www.teamretro.com\/de\/ball-point-game\/#breadcrumb","itemListElement":[{"@type":"ListItem","position":1,"name":"Home","item":"https:\/\/www.teamretro.com\/de\/"},{"@type":"ListItem","position":2,"name":"Ball Point Game"}]},{"@type":"WebSite","@id":"https:\/\/www.teamretro.com\/de\/#website","url":"https:\/\/www.teamretro.com\/de\/","name":"TeamRetro","description":"Agile retrospective, health check and estimation tool for distributed teams","publisher":{"@id":"https:\/\/www.teamretro.com\/de\/#organization"},"potentialAction":[{"@type":"SearchAction","target":{"@type":"EntryPoint","urlTemplate":"https:\/\/www.teamretro.com\/de\/?s={search_term_string}"},"query-input":{"@type":"PropertyValueSpecification","valueRequired":true,"valueName":"search_term_string"}}],"inLanguage":"de"},{"@type":"Organization","@id":"https:\/\/www.teamretro.com\/de\/#organization","name":"TeamRetro","url":"https:\/\/www.teamretro.com\/de\/","logo":{"@type":"ImageObject","inLanguage":"de","@id":"https:\/\/www.teamretro.com\/de\/#\/schema\/logo\/image\/","url":"https:\/\/www.teamretro.com\/wp-content\/uploads\/2018\/06\/footer-teamretro-logo.png","contentUrl":"https:\/\/www.teamretro.com\/wp-content\/uploads\/2018\/06\/footer-teamretro-logo.png","width":170,"height":200,"caption":"TeamRetro"},"image":{"@id":"https:\/\/www.teamretro.com\/de\/#\/schema\/logo\/image\/"},"sameAs":["https:\/\/www.facebook.com\/teamretrohq","https:\/\/x.com\/TeamRetroHQ","https:\/\/www.linkedin.com\/company\/teamretro","https:\/\/www.youtube.com\/channel\/UCXj_X9Riv6SEb6GtxNYpFbQ\/videos?view_as=subscriber"]}]}},"_links":{"self":[{"href":"https:\/\/www.teamretro.com\/de\/wp-json\/wp\/v2\/pages\/55630","targetHints":{"allow":["GET"]}}],"collection":[{"href":"https:\/\/www.teamretro.com\/de\/wp-json\/wp\/v2\/pages"}],"about":[{"href":"https:\/\/www.teamretro.com\/de\/wp-json\/wp\/v2\/types\/page"}],"author":[{"embeddable":true,"href":"https:\/\/www.teamretro.com\/de\/wp-json\/wp\/v2\/users\/2"}],"replies":[{"embeddable":true,"href":"https:\/\/www.teamretro.com\/de\/wp-json\/wp\/v2\/comments?post=55630"}],"version-history":[{"count":0,"href":"https:\/\/www.teamretro.com\/de\/wp-json\/wp\/v2\/pages\/55630\/revisions"}],"wp:attachment":[{"href":"https:\/\/www.teamretro.com\/de\/wp-json\/wp\/v2\/media?parent=55630"}],"curies":[{"name":"wp","href":"https:\/\/api.w.org\/{rel}","templated":true}]}}